{"id":19,"date":"2016-04-09T19:09:37","date_gmt":"2016-04-09T17:09:37","guid":{"rendered":"http:\/\/gokladek.pl\/?page_id=19"},"modified":"2025-06-25T14:29:57","modified_gmt":"2025-06-25T12:29:57","slug":"strona22","status":"publish","type":"page","link":"https:\/\/gokladek.pl\/index.php\/strona22\/","title":{"rendered":"KONTAKT"},"content":{"rendered":"<p style=\"text-align: center;\"><strong>Gminny O\u015brodek Kultury w L\u0105dku<\/strong><br \/>\nul. Rynek 26<br \/>\n62 -406 L\u0105dek<br \/>\ntel.: 665 431 708 \/ 603 812 827<\/p>\n<p style=\"text-align: center;\">e-mail: gok@gokladek.pl<br \/>\n<strong>e-mail: gokladek@vp.pl (uwaga e-mail wa\u017cny do 31 lipca 2025 roku.)<\/strong><\/p>\n<p style=\"text-align: center;\">NIP: 667 172 05 98<br \/>\nNr konta \u00a0GOK: \u00a088 8542 0001 2218 5350 0213 3363<\/p>\n\n<div class=\"wpcf7 no-js\" id=\"wpcf7-f308-o1\" lang=\"pl-PL\" dir=\"ltr\">\n<div class=\"screen-reader-response\"><p role=\"status\" aria-live=\"polite\" aria-atomic=\"true\"><\/p> <ul><\/ul><\/div>\n<form action=\"\/index.php\/wp-json\/wp\/v2\/pages\/19#wpcf7-f308-o1\" method=\"post\" class=\"wpcf7-form init\" aria-label=\"Formularz kontaktowy\" novalidate=\"novalidate\" data-status=\"init\">\n<div style=\"display: none;\">\n<input type=\"hidden\" name=\"_wpcf7\" value=\"308\" \/>\n<input type=\"hidden\" name=\"_wpcf7_version\" value=\"5.8.4\" \/>\n<input type=\"hidden\" name=\"_wpcf7_locale\" value=\"pl_PL\" \/>\n<input type=\"hidden\" name=\"_wpcf7_unit_tag\" value=\"wpcf7-f308-o1\" \/>\n<input type=\"hidden\" name=\"_wpcf7_container_post\" value=\"0\" \/>\n<input type=\"hidden\" name=\"_wpcf7_posted_data_hash\" value=\"\" \/>\n<\/div>\n<p>Imi\u0119 i nazwisko (wymagane)\n<\/p>\n<p><span class=\"wpcf7-form-control-wrap\" data-name=\"your-name\"><input size=\"40\" class=\"wpcf7-form-control wpcf7-text wpcf7-validates-as-required\" aria-required=\"true\" aria-invalid=\"false\" value=\"\" type=\"text\" name=\"your-name\" \/><\/span>\n<\/p>\n<p>Adres email (wymagane)\n<\/p>\n<p><span class=\"wpcf7-form-control-wrap\" data-name=\"your-email\"><input size=\"40\" class=\"wpcf7-form-control wpcf7-email wpcf7-validates-as-required wpcf7-text wpcf7-validates-as-email\" aria-required=\"true\" aria-invalid=\"false\" value=\"\" type=\"email\" name=\"your-email\" \/><\/span>\n<\/p>\n<p>Temat\n<\/p>\n<p><span class=\"wpcf7-form-control-wrap\" data-name=\"your-subject\"><input size=\"40\" class=\"wpcf7-form-control wpcf7-text\" aria-invalid=\"false\" value=\"\" type=\"text\" name=\"your-subject\" \/><\/span>\n<\/p>\n<p>Tre\u015b\u0107 wiadomo\u015bci\n<\/p>\n<p><span class=\"wpcf7-form-control-wrap\" data-name=\"your-message\"><textarea cols=\"40\" rows=\"10\" class=\"wpcf7-form-control wpcf7-textarea\" aria-invalid=\"false\" name=\"your-message\"><\/textarea><\/span>\n<\/p>\n<p><input class=\"wpcf7-form-control wpcf7-submit has-spinner\" type=\"submit\" value=\"Wy\u015blij\" \/>\n<\/p><input type=\"hidden\" id=\"ct_checkjs_cf7_38af86134b65d0f10fe33d30dd76442e\" name=\"ct_checkjs_cf7\" value=\"0\" \/><label class=\"apbct_special_field\" id=\"apbct_label_id17906\" for=\"apbct__email_id__wp_contact_form_7_17906\">17906<\/label><input \n        id=\"apbct__email_id__wp_contact_form_7_17906\" \n        class=\"apbct_special_field apbct__email_id__wp_contact_form_7\"\n        autocomplete=\"off\" \n        name=\"apbct__email_id__wp_contact_form_7_17906\"  \n        type=\"text\" \n        value=\"17906\" \n        size=\"30\" \n        apbct_event_id=\"17906\"\n        maxlength=\"200\" \n    \/><input \n        id=\"apbct_event_id\"\n        class=\"apbct_special_field\"\n        name=\"apbct_event_id\"\n        type=\"hidden\" \n        value=\"17906\" \n            \/><div class=\"wpcf7-response-output\" aria-hidden=\"true\"><\/div>\n<\/form>\n<\/div>\n\n","protected":false},"excerpt":{"rendered":"<p>Gminny O\u015brodek Kultury w L\u0105dku ul. Rynek 26 62 -406 L\u0105dek tel.: 665 431 708 \/ 603 812 827 e-mail: gok@gokladek.pl e-mail: gokladek@vp.pl (uwaga e-mail wa\u017cny do 31 lipca 2025 roku.) NIP: 667 172 05 98 Nr konta \u00a0GOK: \u00a088 8542 0001 2218 5350 0213 3363<\/p>\n","protected":false},"author":1,"featured_media":0,"parent":0,"menu_order":1,"comment_status":"closed","ping_status":"closed","template":"","meta":{"footnotes":"","_mc_calendar":[]},"_links":{"self":[{"href":"https:\/\/gokladek.pl\/index.php\/wp-json\/wp\/v2\/pages\/19"}],"collection":[{"href":"https:\/\/gokladek.pl\/index.php\/wp-json\/wp\/v2\/pages"}],"about":[{"href":"https:\/\/gokladek.pl\/index.php\/wp-json\/wp\/v2\/types\/page"}],"author":[{"embeddable":true,"href":"https:\/\/gokladek.pl\/index.php\/wp-json\/wp\/v2\/users\/1"}],"replies":[{"embeddable":true,"href":"https:\/\/gokladek.pl\/index.php\/wp-json\/wp\/v2\/comments?post=19"}],"version-history":[{"count":18,"href":"https:\/\/gokladek.pl\/index.php\/wp-json\/wp\/v2\/pages\/19\/revisions"}],"predecessor-version":[{"id":9251,"href":"https:\/\/gokladek.pl\/index.php\/wp-json\/wp\/v2\/pages\/19\/revisions\/9251"}],"wp:attachment":[{"href":"https:\/\/gokladek.pl\/index.php\/wp-json\/wp\/v2\/media?parent=19"}],"curies":[{"name":"wp","href":"https:\/\/api.w.org\/{rel}","templated":true}]}}