{"id":240,"date":"2016-04-18T21:09:01","date_gmt":"2016-04-18T19:09:01","guid":{"rendered":"http:\/\/gokladek.pl\/?page_id=240"},"modified":"2022-06-09T11:38:14","modified_gmt":"2022-06-09T09:38:14","slug":"o-nas","status":"publish","type":"page","link":"https:\/\/gokladek.pl\/index.php\/o-nas\/","title":{"rendered":"O nas"},"content":{"rendered":"<p>O nas\u2026\u2026<\/p>\n<p>Nasz\u0105 misj\u0105 jest\u00a0 rozw\u00f3j kultury, przekazywanie warto\u015bci i umiej\u0119tno\u015bci oraz zachowanie wielokulturowego dziedzictwa\u00a0 i\u00a0 tradycji lokalnej. Istniejemy po to , aby pobudza\u0107 w ludziach ch\u0119\u0107 do dzia\u0142ania i obcowania z kultur\u0105. Mieszka\u0144cy w ka\u017cdym wieku s\u0105 naszym potencja\u0142em a ich pomys\u0142y , naszym\u00a0 mechanizmem\u00a0 nap\u0119dowym. Chcemy sprzyja\u0107\u00a0 ich rozwojowi osobistemu i tworzy\u0107 warunki do\u00a0 integracyjnego rozwoju, naszej spo\u0142eczno\u015bci lokalnej.<\/p>\n<p>Gminny O\u015brodek Kultury od 1976\u00a0 roku\u00a0 s\u0142u\u017cy mieszka\u0144com zapewniaj\u0105c\u00a0 im jak najszersze uczestnictwo w kulturze. Dzi\u0119ki filii\u00a0 w Ci\u0105\u017ceniu mo\u017cemy\u00a0 dotrze\u0107 do szerszej grupy odbiorc\u00f3w. R\u00f3\u017cnorodna oferta wci\u0105\u017c si\u0119 wzbogaca\u00a0\u00a0 i kierowana jest do os\u00f3b w ka\u017cdym wieku. Propagujemy\u00a0 szeroko rozumiany ruch kulturalny , wspieramy tradycje lokalne i regionalne\u00a0 poprzez organizowanie konkurs\u00f3w, i przegl\u0105d\u00f3w,\u00a0 a tak\u017ce warsztat\u00f3w r\u0119kodzie\u0142a artystycznego. Prace lokalnych\u00a0 tw\u00f3rc\u00f3w i artyst\u00f3w eksponujemy podczas wystaw w o\u015brodku kultury jak i podczas imprez plenerowych.<\/p>\n<p>Szczeg\u00f3ln\u0105 trosk\u0105 otaczamy dzieci\u00a0 i m\u0142odzie\u017c. Zaj\u0119cia\u00a0 prowadzone w naszym O\u015brodku\u00a0 kszta\u0142tuj\u0105\u00a0 wra\u017cliwo\u015b\u0107\u00a0 m\u0142odych ludzi\u00a0 kt\u00f3ra pozwala im\u00a0 znale\u017a\u0107\u00a0 w\u0142a\u015bciw\u0105\u00a0 dla nich form\u0119\u00a0 artystycznej ekspresji dzi\u0119ki zaj\u0119ciom: plastycznym, teatralnym, kulinarnym, tanecznym. Mo\u017cliwo\u015b\u0107 prezentacji swoich dokona\u0144 maj\u0105\u00a0 nasi podopieczni podczas, imprez plenerowych, wyjazd\u00f3w, piknik\u00f3w artystycznych.<\/p>\n<p>Nie zaniedbujemy te\u017c os\u00f3b starszych kt\u00f3rzy w naszym o\u015brodku rozwijaj\u0105\u00a0 swoje\u00a0 talenty artystyczne uczestnicz\u0105c w warsztatach\u00a0 w L\u0105dkowskim Uniwersytecie Trzeciego Wieku np.: wokalnych , malarstwa, r\u0119kodzie\u0142a artystycznego, gimnastyka dla zdrowia. Zesp\u00f3\u0142 wokalny\u00a0 BELL CANTO\u00a0 kt\u00f3ry\u00a0 bardzo cz\u0119sto przygotowuje programy\u00a0 artystyczne s\u0142owno-muzyczne wyst\u0119puj\u0105c\u00a0 na terenie gminy , powiatu lub jeszcze dalej.<\/p>\n<p>Stawiamy sobie za cel aby\u00a0 ka\u017cdy mieszkaniec naszej gminy , potrzebuj\u0105cy samorealizacji m\u00f3g\u0142 znale\u017a\u0107\u00a0 ofert\u0119 dla zaspokojenia swoich potrzeb edukacyjno-kulturalnych. Chcemy\u00a0 by\u0107 o\u015brodkiem skupiaj\u0105cym ludzi z inicjatyw\u0105, rozszerza\u0107 sw\u0105 ofert\u0119 , nawi\u0105zywa\u0107\u00a0 kontakty\u00a0 z innymi instytucjami kultury z zewn\u0105trz, aby poprzez wyjazdowe warsztaty wzbogaca\u0107 dzia\u0142ania\u00a0 oraz korzysta\u0107 z do\u015bwiadcze\u0144 innych.<\/p>\n","protected":false},"excerpt":{"rendered":"<p>O nas\u2026\u2026 Nasz\u0105 misj\u0105 jest\u00a0 rozw\u00f3j kultury, przekazywanie warto\u015bci i umiej\u0119tno\u015bci oraz zachowanie wielokulturowego dziedzictwa\u00a0 i\u00a0 tradycji lokalnej. Istniejemy po to , aby pobudza\u0107 w ludziach ch\u0119\u0107 do dzia\u0142ania i obcowania z kultur\u0105. Mieszka\u0144cy w ka\u017cdym wieku s\u0105 naszym potencja\u0142em a ich pomys\u0142y , naszym\u00a0 mechanizmem\u00a0 nap\u0119dowym. Chcemy sprzyja\u0107\u00a0 ich rozwojowi osobistemu i tworzy\u0107 warunki [&hellip;]<\/p>\n","protected":false},"author":1,"featured_media":0,"parent":0,"menu_order":0,"comment_status":"closed","ping_status":"closed","template":"","meta":{"footnotes":"","_mc_calendar":[]},"_links":{"self":[{"href":"https:\/\/gokladek.pl\/index.php\/wp-json\/wp\/v2\/pages\/240"}],"collection":[{"href":"https:\/\/gokladek.pl\/index.php\/wp-json\/wp\/v2\/pages"}],"about":[{"href":"https:\/\/gokladek.pl\/index.php\/wp-json\/wp\/v2\/types\/page"}],"author":[{"embeddable":true,"href":"https:\/\/gokladek.pl\/index.php\/wp-json\/wp\/v2\/users\/1"}],"replies":[{"embeddable":true,"href":"https:\/\/gokladek.pl\/index.php\/wp-json\/wp\/v2\/comments?post=240"}],"version-history":[{"count":2,"href":"https:\/\/gokladek.pl\/index.php\/wp-json\/wp\/v2\/pages\/240\/revisions"}],"predecessor-version":[{"id":5824,"href":"https:\/\/gokladek.pl\/index.php\/wp-json\/wp\/v2\/pages\/240\/revisions\/5824"}],"wp:attachment":[{"href":"https:\/\/gokladek.pl\/index.php\/wp-json\/wp\/v2\/media?parent=240"}],"curies":[{"name":"wp","href":"https:\/\/api.w.org\/{rel}","templated":true}]}}