{"id":243,"date":"2016-04-18T21:11:19","date_gmt":"2016-04-18T19:11:19","guid":{"rendered":"http:\/\/gokladek.pl\/?page_id=243"},"modified":"2016-10-07T00:00:32","modified_gmt":"2016-10-06T22:00:32","slug":"zajecia-stale","status":"publish","type":"page","link":"https:\/\/gokladek.pl\/index.php\/9-2\/zajecia-stale\/","title":{"rendered":"Zaj\u0119cia sta\u0142e"},"content":{"rendered":"<p style=\"text-align: center;\">TYGODNIOWY HARMONOGRAM ZAJ\u0118\u0106 POZASZKOLNYCH oraz Sekcji LUTW w GOK w L\u0105dku<br \/>\nobowi\u0105zuje od 3 pa\u017adziernika 2016 r.<br \/>\n\n<table id=\"wp-table-reloaded-id-4-no-1\" class=\"wp-table-reloaded wp-table-reloaded-id-4\">\n<tbody class=\"row-hover\">\n\t<tr class=\"row-1 odd\">\n\t\t<td class=\"column-1\">Poniedzia\u0142ek<\/td><td class=\"column-2\">Wtorek<\/td><td class=\"column-3\">\u015aroda<\/td><td class=\"column-4\">Czwartek<\/td><td class=\"column-5\">Pi\u0105tek<\/td><td class=\"column-6\">Sobota<\/td>\n\t<\/tr>\n\t<tr class=\"row-2 even\">\n\t\t<td class=\"column-1\"><\/td><td class=\"column-2\"><\/td><td class=\"column-3\"><\/td><td class=\"column-4\"><\/td><td class=\"column-5\"><\/td><td class=\"column-6\"><\/td>\n\t<\/tr>\n\t<tr class=\"row-3 odd\">\n\t\t<td class=\"column-1\">J\u0119zyk angielski<br \/>\r\n  (10 latki) -  14.30<br \/>\r\n   (8-9 latki-  15.30<br \/>\r\n   (5-6 latki)- 16.30<br \/>\r\n   (7 \u2013 8 lat) \u2013 1700<br \/>\r\n<\/td><td class=\"column-2\">Nordic \u2013 Walking<br \/>\r\n       LUTW<br \/>\r\n            12-14<\/td><td class=\"column-3\">Zaj\u0119cia plastyczne<br \/>\r\n   dla dzieci I grupa<br \/>\r\n         16 \u2013 17.30<\/td><td class=\"column-4\">Malarstwo LUTW<br \/>\r\n         16\u2013 20<\/td><td class=\"column-5\">Zaj\u0119cia plastyczne<br \/>\r\n       dla dzieci<br \/>\r\n         16.00 \u2013 17.30<\/td><td class=\"column-6\"><\/td>\n\t<\/tr>\n\t<tr class=\"row-4 even\">\n\t\t<td class=\"column-1\">J\u0119zyk angielski<br \/>\r\n(7-8 latki)<br \/>\r\n           17.00 <\/td><td class=\"column-2\">Klub Seniora Rado\u015b\u0107<br \/>\r\n           14-18<\/td><td class=\"column-3\">Zaj\u0119cia  plastyczne<br \/>\r\ndla  dzieci II grupa<br \/>\r\n         18 \u2013 19.30<\/td><td class=\"column-4\">Informatyka LUTW<br \/>\r\n         17-18<br \/>\r\n(Sz.P w L\u0105dku sala nr 10)<\/td><td class=\"column-5\"><\/td><td class=\"column-6\"><\/td>\n\t<\/tr>\n\t<tr class=\"row-5 odd\">\n\t\t<td class=\"column-1\">Sekcja j\u0119zykowa LUTW<br \/>\r\n  Angielski<br \/>\r\n     18.00 <\/td><td class=\"column-2\">Sekcja muzyczna-ch\u00f3r<br \/>\r\n               LUTW<br \/>\r\n             18-20<\/td><td class=\"column-3\">Nauka gry na gitarze<br \/>\r\n         16-20<\/td><td class=\"column-4\">Sportowa LUTW<br \/>\r\n      18-19<br \/>\r\n( sala gimn. szko\u0142a w L\u0105dku)<\/td><td class=\"column-5\">Sekcja r\u0119kodzie\u0142a artystycznego LUTW<br \/>\r\n          18-20<\/td><td class=\"column-6\"><\/td>\n\t<\/tr>\n\t<tr class=\"row-6 even\">\n\t\t<td class=\"column-1\">Sekcja KARATE<br \/>\r\n17.00 \u2013 18.00<br \/>\r\n*(sala gimnastyczna szko\u0142a w L\u0105dku)<\/td><td class=\"column-2\">Zaj\u0119cia kulinarne  <br \/>\r\n             LUTW<br \/>\r\n1x m-c  <\/td><td class=\"column-3\"><\/td><td class=\"column-4\">Sekcja KARATE<br \/>\r\n17.00 \u2013 18.00<br \/>\r\n*(sala gimnastyczna  szko\u0142a  w L\u0105dku)<br \/>\r\n<\/td><td class=\"column-5\">Pr\u00f3ba orkiestry<br \/>\r\nd\u0119tej<br \/>\r\n        19 - 21<\/td><td class=\"column-6\"><\/td>\n\t<\/tr>\n\t<tr class=\"row-7 odd\">\n\t\t<td class=\"column-1\"><\/td><td class=\"column-2\"><\/td><td class=\"column-3\"><\/td><td class=\"column-4\"><\/td><td class=\"column-5\"><\/td><td class=\"column-6\"><\/td>\n\t<\/tr>\n<\/tbody>\n<\/table>\n\n<ul>\n<li>GOK zastrzega sobie zmian\u0119 godzin zaj\u0119\u0107 w przypadku takiej konieczno\u015bci<\/li>\n<li>Zapraszamy wszystkich zainteresowanych na zaj\u0119cia wg podanego harmonogramu<\/li>\n<li>Bli\u017csze Informacje dost\u0119pne pod nr tel: 63 2763 508 lub www.gokladek.pl<\/li>\n<li>* miejsce inne ni\u017c GOK w L\u0105dku<\/li>\n<\/ul>\n<p><span style=\"color: #f15a23;\"><strong>NAUKA GRY NA GITARZE<\/strong><\/span><\/p>\n<p>Dzieci poznaj\u0105 podstawy nauki gry : chwyty, nuty. Ucz\u0105 si\u0119 wytrwa\u0142o\u015bci w d\u0105\u017ceniu do celu, cierpliwo\u015bci. Zaj\u0119cia odbywaj\u0105 si\u0119 zazwyczaj indywidualnie pod opiek\u0105 wykwalifikowanego instruktora. Warunkiem jest posiadanie w\u0142asnego instrumentu.<br \/>\nProwadz\u0105cy zaj\u0119cia : Daniel S\u0142owi\u0144ski<br \/>\nZaj\u0119cia odbywaj\u0105 si\u0119 w ka\u017cdy wtorek od godz: 16.00 ( p\u0142atne)<\/p>\n<div id='gallery-1' class='gallery galleryid-243 gallery-columns-3 gallery-size-thumbnail'><figure class='gallery-item'>\n\t\t\t<div class='gallery-icon landscape'>\n\t\t\t\t<a href='https:\/\/gokladek.pl\/wp-content\/uploads\/2016\/04\/gal_gitara_1_m.jpg'><img decoding=\"async\" width=\"150\" height=\"150\" src=\"https:\/\/gokladek.pl\/wp-content\/uploads\/2016\/04\/gal_gitara_1_m-150x150.jpg\" class=\"attachment-thumbnail size-thumbnail\" alt=\"\" \/><\/a>\n\t\t\t<\/div><\/figure><figure class='gallery-item'>\n\t\t\t<div class='gallery-icon landscape'>\n\t\t\t\t<a href='https:\/\/gokladek.pl\/wp-content\/uploads\/2016\/04\/gal_gitara_2_m.jpg'><img decoding=\"async\" width=\"150\" height=\"150\" src=\"https:\/\/gokladek.pl\/wp-content\/uploads\/2016\/04\/gal_gitara_2_m-150x150.jpg\" class=\"attachment-thumbnail size-thumbnail\" alt=\"\" \/><\/a>\n\t\t\t<\/div><\/figure><figure class='gallery-item'>\n\t\t\t<div class='gallery-icon landscape'>\n\t\t\t\t<a href='https:\/\/gokladek.pl\/wp-content\/uploads\/2016\/04\/gal_gitara_3_m.jpg'><img decoding=\"async\" width=\"150\" height=\"150\" src=\"https:\/\/gokladek.pl\/wp-content\/uploads\/2016\/04\/gal_gitara_3_m-150x150.jpg\" class=\"attachment-thumbnail size-thumbnail\" alt=\"\" \/><\/a>\n\t\t\t<\/div><\/figure>\n\t\t<\/div>\n\n","protected":false},"excerpt":{"rendered":"<p>TYGODNIOWY HARMONOGRAM ZAJ\u0118\u0106 POZASZKOLNYCH oraz Sekcji LUTW w GOK w L\u0105dku obowi\u0105zuje od 3 pa\u017adziernika 2016 r. GOK zastrzega sobie zmian\u0119 godzin zaj\u0119\u0107 w przypadku takiej konieczno\u015bci Zapraszamy wszystkich zainteresowanych na zaj\u0119cia wg podanego harmonogramu Bli\u017csze Informacje dost\u0119pne pod nr tel: 63 2763 508 lub www.gokladek.pl * miejsce inne ni\u017c GOK w L\u0105dku NAUKA GRY [&hellip;]<\/p>\n","protected":false},"author":1,"featured_media":0,"parent":9,"menu_order":0,"comment_status":"closed","ping_status":"closed","template":"","meta":{"footnotes":"","_mc_calendar":[]},"_links":{"self":[{"href":"https:\/\/gokladek.pl\/index.php\/wp-json\/wp\/v2\/pages\/243"}],"collection":[{"href":"https:\/\/gokladek.pl\/index.php\/wp-json\/wp\/v2\/pages"}],"about":[{"href":"https:\/\/gokladek.pl\/index.php\/wp-json\/wp\/v2\/types\/page"}],"author":[{"embeddable":true,"href":"https:\/\/gokladek.pl\/index.php\/wp-json\/wp\/v2\/users\/1"}],"replies":[{"embeddable":true,"href":"https:\/\/gokladek.pl\/index.php\/wp-json\/wp\/v2\/comments?post=243"}],"version-history":[{"count":11,"href":"https:\/\/gokladek.pl\/index.php\/wp-json\/wp\/v2\/pages\/243\/revisions"}],"predecessor-version":[{"id":823,"href":"https:\/\/gokladek.pl\/index.php\/wp-json\/wp\/v2\/pages\/243\/revisions\/823"}],"up":[{"embeddable":true,"href":"https:\/\/gokladek.pl\/index.php\/wp-json\/wp\/v2\/pages\/9"}],"wp:attachment":[{"href":"https:\/\/gokladek.pl\/index.php\/wp-json\/wp\/v2\/media?parent=243"}],"curies":[{"name":"wp","href":"https:\/\/api.w.org\/{rel}","templated":true}]}}