{"id":249,"date":"2016-04-18T21:13:31","date_gmt":"2016-04-18T19:13:31","guid":{"rendered":"http:\/\/gokladek.pl\/?page_id=249"},"modified":"2023-10-23T11:36:00","modified_gmt":"2023-10-23T09:36:00","slug":"swietlica-wiejska-w-ciazeniu","status":"publish","type":"page","link":"https:\/\/gokladek.pl\/index.php\/swietlica-wiejska-w-ciazeniu\/","title":{"rendered":"\u015awietlica wiejska w Ci\u0105\u017ceniu"},"content":{"rendered":"<p style=\"text-align: center;\">TYGODNIOWY HARMONOGRAM ZAJ\u0118\u0106<br \/>\nproponowany przez \u015awietlic\u0119 Wiejsk\u0105 w Ci\u0105\u017ceniu<br \/>\nw okresie 09.10.2023r. \u2013 09.02.2024r.<\/p>\n<p style=\"text-align: center;\"><a href=\"https:\/\/gokladek.pl\/wp-content\/uploads\/2023\/10\/385758150_328524513160389_6203482406091373495_n.jpg\"><img fetchpriority=\"high\" decoding=\"async\" class=\"aligncenter size-full wp-image-6864\" src=\"https:\/\/gokladek.pl\/wp-content\/uploads\/2023\/10\/385758150_328524513160389_6203482406091373495_n.jpg\" alt=\"\" width=\"509\" height=\"720\" srcset=\"https:\/\/gokladek.pl\/wp-content\/uploads\/2023\/10\/385758150_328524513160389_6203482406091373495_n.jpg 509w, https:\/\/gokladek.pl\/wp-content\/uploads\/2023\/10\/385758150_328524513160389_6203482406091373495_n-212x300.jpg 212w\" sizes=\"(max-width: 509px) 100vw, 509px\" \/><\/a><\/p>\n","protected":false},"excerpt":{"rendered":"<p>TYGODNIOWY HARMONOGRAM ZAJ\u0118\u0106 proponowany przez \u015awietlic\u0119 Wiejsk\u0105 w Ci\u0105\u017ceniu w okresie 09.10.2023r. \u2013 09.02.2024r.<\/p>\n","protected":false},"author":1,"featured_media":0,"parent":0,"menu_order":0,"comment_status":"closed","ping_status":"closed","template":"","meta":{"footnotes":"","_mc_calendar":[]},"_links":{"self":[{"href":"https:\/\/gokladek.pl\/index.php\/wp-json\/wp\/v2\/pages\/249"}],"collection":[{"href":"https:\/\/gokladek.pl\/index.php\/wp-json\/wp\/v2\/pages"}],"about":[{"href":"https:\/\/gokladek.pl\/index.php\/wp-json\/wp\/v2\/types\/page"}],"author":[{"embeddable":true,"href":"https:\/\/gokladek.pl\/index.php\/wp-json\/wp\/v2\/users\/1"}],"replies":[{"embeddable":true,"href":"https:\/\/gokladek.pl\/index.php\/wp-json\/wp\/v2\/comments?post=249"}],"version-history":[{"count":9,"href":"https:\/\/gokladek.pl\/index.php\/wp-json\/wp\/v2\/pages\/249\/revisions"}],"predecessor-version":[{"id":6866,"href":"https:\/\/gokladek.pl\/index.php\/wp-json\/wp\/v2\/pages\/249\/revisions\/6866"}],"wp:attachment":[{"href":"https:\/\/gokladek.pl\/index.php\/wp-json\/wp\/v2\/media?parent=249"}],"curies":[{"name":"wp","href":"https:\/\/api.w.org\/{rel}","templated":true}]}}