{"id":258,"date":"2016-04-18T21:17:54","date_gmt":"2016-04-18T19:17:54","guid":{"rendered":"http:\/\/gokladek.pl\/?page_id=258"},"modified":"2026-01-09T11:45:07","modified_gmt":"2026-01-09T10:45:07","slug":"chur","status":"publish","type":"page","link":"https:\/\/gokladek.pl\/index.php\/chur\/","title":{"rendered":"Ch\u00f3r"},"content":{"rendered":"<div dir=\"auto\"><span class=\"html-span xexx8yu xyri2b x18d9i69 x1c1uobl x1hl2dhg x16tdsg8 x1vvkbs x3nfvp2 x1j61x8r x1fcty0u xdj266r xat24cr xm2jcoa x1mpyi22 xxymvpz xlup9mm x1kky2od\"><img decoding=\"async\" class=\"xz74otr x15mokao x1ga7v0g x16uus16 xbiv7yw\" src=\"https:\/\/static.xx.fbcdn.net\/images\/emoji.php\/v9\/t7\/1\/16\/1f384.png\" alt=\"\ud83c\udf84\" width=\"16\" height=\"16\" \/><\/span><span class=\"html-span xexx8yu xyri2b x18d9i69 x1c1uobl x1hl2dhg x16tdsg8 x1vvkbs x3nfvp2 x1j61x8r x1fcty0u xdj266r xat24cr xm2jcoa x1mpyi22 xxymvpz xlup9mm x1kky2od\"><img decoding=\"async\" class=\"xz74otr x15mokao x1ga7v0g x16uus16 xbiv7yw\" src=\"https:\/\/static.xx.fbcdn.net\/images\/emoji.php\/v9\/t2e\/1\/16\/2744.png\" alt=\"\u2744\ufe0f\" width=\"16\" height=\"16\" \/><\/span><span class=\"html-span xexx8yu xyri2b x18d9i69 x1c1uobl x1hl2dhg x16tdsg8 x1vvkbs x3nfvp2 x1j61x8r x1fcty0u xdj266r xat24cr xm2jcoa x1mpyi22 xxymvpz xlup9mm x1kky2od\"><img decoding=\"async\" class=\"xz74otr x15mokao x1ga7v0g x16uus16 xbiv7yw\" src=\"https:\/\/static.xx.fbcdn.net\/images\/emoji.php\/v9\/t1e\/1\/16\/26c4.png\" alt=\"\u26c4\ufe0f\" width=\"16\" height=\"16\" \/><\/span><span class=\"html-span xexx8yu xyri2b x18d9i69 x1c1uobl x1hl2dhg x16tdsg8 x1vvkbs x3nfvp2 x1j61x8r x1fcty0u xdj266r xat24cr xm2jcoa x1mpyi22 xxymvpz xlup9mm x1kky2od\"><img loading=\"lazy\" decoding=\"async\" class=\"xz74otr x15mokao x1ga7v0g x16uus16 xbiv7yw\" src=\"https:\/\/static.xx.fbcdn.net\/images\/emoji.php\/v9\/t88\/1\/16\/1f385.png\" alt=\"\ud83c\udf85\" width=\"16\" height=\"16\" \/><\/span><\/div>\n<div dir=\"auto\">Na zaproszenie Klubu Seniora &#8222;Z\u0141OTA JESIE\u0143&#8221; w Orchowie, ch\u00f3r BEL CANTO LUTW mia\u0142 przyjemno\u015b\u0107 uczestniczy\u0107 we &#8222;WSP\u00d3LNYM KOL\u0118DOWANIU&#8221;<\/div>\n<div dir=\"auto\"><span class=\"html-span xexx8yu xyri2b x18d9i69 x1c1uobl x1hl2dhg x16tdsg8 x1vvkbs x3nfvp2 x1j61x8r x1fcty0u xdj266r xat24cr xm2jcoa x1mpyi22 xxymvpz xlup9mm x1kky2od\"><img decoding=\"async\" class=\"xz74otr x15mokao x1ga7v0g x16uus16 xbiv7yw\" src=\"https:\/\/static.xx.fbcdn.net\/images\/emoji.php\/v9\/t7\/1\/16\/1f384.png\" alt=\"\ud83c\udf84\" width=\"16\" height=\"16\" \/><\/span> 8 stycznia 2026r.\u00a0 w Domu Stra\u017caka i Kultury w Orchowie, wsp\u00f3lnie z zespo\u0142ami z : Jezior Wielkich, Chrabska, Mogilna, Strzelna, Szczepanowa, Orchowa<\/div>\n<div dir=\"auto\">Ka\u017cdy zesp\u00f3\u0142 wykona\u0142 po 3 kol\u0119dy<span class=\"html-span xexx8yu xyri2b x18d9i69 x1c1uobl x1hl2dhg x16tdsg8 x1vvkbs x3nfvp2 x1j61x8r x1fcty0u xdj266r xat24cr xm2jcoa x1mpyi22 xxymvpz xlup9mm x1kky2od\"><img decoding=\"async\" class=\"xz74otr x15mokao x1ga7v0g x16uus16 xbiv7yw\" src=\"https:\/\/static.xx.fbcdn.net\/images\/emoji.php\/v9\/t1e\/1\/16\/26c4.png\" alt=\"\u26c4\ufe0f\" width=\"16\" height=\"16\" \/><\/span> w mi\u0142ej, serdecznej i jeszcze \u015bwi\u0105tecznej atmosferze wszyscy uczestnicy sp\u0119dzili to zimowe popo\u0142udnie<\/div>\n<div dir=\"auto\"><span class=\"html-span xexx8yu xyri2b x18d9i69 x1c1uobl x1hl2dhg x16tdsg8 x1vvkbs x3nfvp2 x1j61x8r x1fcty0u xdj266r xat24cr xm2jcoa x1mpyi22 xxymvpz xlup9mm x1kky2od\"><img decoding=\"async\" class=\"xz74otr x15mokao x1ga7v0g x16uus16 xbiv7yw\" src=\"https:\/\/static.xx.fbcdn.net\/images\/emoji.php\/v9\/t2e\/1\/16\/2744.png\" alt=\"\u2744\ufe0f\" width=\"16\" height=\"16\" \/><\/span>Uczestnikami spotkania byli mieszka\u0144cy wojew\u00f3dztwa wielkopolskiego i Kujawsko-Pomorskiego <span class=\"html-span xexx8yu xyri2b x18d9i69 x1c1uobl x1hl2dhg x16tdsg8 x1vvkbs x3nfvp2 x1j61x8r x1fcty0u xdj266r xat24cr xm2jcoa x1mpyi22 xxymvpz xlup9mm x1kky2od\"><img loading=\"lazy\" decoding=\"async\" class=\"xz74otr x15mokao x1ga7v0g x16uus16 xbiv7yw\" src=\"https:\/\/static.xx.fbcdn.net\/images\/emoji.php\/v9\/t6c\/1\/16\/2764.png\" alt=\"\u2764\" width=\"16\" height=\"16\" \/><\/span><\/div>\n<div dir=\"auto\">Wszyscy uczestnicy dzi\u0119kuj\u0105 organizatorom za wspania\u0142e przyj\u0119cie i niezapomniane wra\u017cenia: Pani Teresce Cie\u015blewicz i W\u00f3jtowi Grzegorzowi Matkowskiemu oraz wszystkim uczestnicz\u0105cym zespo\u0142om <span class=\"html-span xexx8yu xyri2b x18d9i69 x1c1uobl x1hl2dhg x16tdsg8 x1vvkbs x3nfvp2 x1j61x8r x1fcty0u xdj266r xat24cr xm2jcoa x1mpyi22 xxymvpz xlup9mm x1kky2od\"><img loading=\"lazy\" decoding=\"async\" class=\"xz74otr x15mokao x1ga7v0g x16uus16 xbiv7yw\" src=\"https:\/\/static.xx.fbcdn.net\/images\/emoji.php\/v9\/t5f\/1\/16\/1f31e.png\" alt=\"\ud83c\udf1e\" width=\"16\" height=\"16\" \/><\/span><span class=\"html-span xexx8yu xyri2b x18d9i69 x1c1uobl x1hl2dhg x16tdsg8 x1vvkbs x3nfvp2 x1j61x8r x1fcty0u xdj266r xat24cr xm2jcoa x1mpyi22 xxymvpz xlup9mm x1kky2od\"><img loading=\"lazy\" decoding=\"async\" class=\"xz74otr x15mokao x1ga7v0g x16uus16 xbiv7yw\" src=\"https:\/\/static.xx.fbcdn.net\/images\/emoji.php\/v9\/t5f\/1\/16\/1f31e.png\" alt=\"\ud83c\udf1e\" width=\"16\" height=\"16\" \/><\/span><span class=\"html-span xexx8yu xyri2b x18d9i69 x1c1uobl x1hl2dhg x16tdsg8 x1vvkbs x3nfvp2 x1j61x8r x1fcty0u xdj266r xat24cr xm2jcoa x1mpyi22 xxymvpz xlup9mm x1kky2od\"><img loading=\"lazy\" decoding=\"async\" class=\"xz74otr x15mokao x1ga7v0g x16uus16 xbiv7yw\" src=\"https:\/\/static.xx.fbcdn.net\/images\/emoji.php\/v9\/t5f\/1\/16\/1f31e.png\" alt=\"\ud83c\udf1e\" width=\"16\" height=\"16\" \/><\/span><\/div>\n<div dir=\"auto\">\n<p>Poni\u017cej fotorelacja<\/p>\n<div id='gallery-1' class='gallery galleryid-258 gallery-columns-2 gallery-size-full'><figure class='gallery-item'>\n\t\t\t<div class='gallery-icon landscape'>\n\t\t\t\t<a href='https:\/\/gokladek.pl\/wp-content\/uploads\/2026\/01\/612029021_1371028421481832_4287168859398182924_n.jpg'><img loading=\"lazy\" decoding=\"async\" width=\"2000\" height=\"900\" src=\"https:\/\/gokladek.pl\/wp-content\/uploads\/2026\/01\/612029021_1371028421481832_4287168859398182924_n.jpg\" class=\"attachment-full size-full\" alt=\"\" srcset=\"https:\/\/gokladek.pl\/wp-content\/uploads\/2026\/01\/612029021_1371028421481832_4287168859398182924_n.jpg 2000w, https:\/\/gokladek.pl\/wp-content\/uploads\/2026\/01\/612029021_1371028421481832_4287168859398182924_n-300x135.jpg 300w, https:\/\/gokladek.pl\/wp-content\/uploads\/2026\/01\/612029021_1371028421481832_4287168859398182924_n-1024x461.jpg 1024w, https:\/\/gokladek.pl\/wp-content\/uploads\/2026\/01\/612029021_1371028421481832_4287168859398182924_n-768x346.jpg 768w, https:\/\/gokladek.pl\/wp-content\/uploads\/2026\/01\/612029021_1371028421481832_4287168859398182924_n-1536x691.jpg 1536w, https:\/\/gokladek.pl\/wp-content\/uploads\/2026\/01\/612029021_1371028421481832_4287168859398182924_n-600x270.jpg 600w\" sizes=\"(max-width: 2000px) 100vw, 2000px\" \/><\/a>\n\t\t\t<\/div><\/figure><figure class='gallery-item'>\n\t\t\t<div class='gallery-icon landscape'>\n\t\t\t\t<a href='https:\/\/gokladek.pl\/wp-content\/uploads\/2026\/01\/612728753_1371028501481824_8373480341382312428_n.jpg'><img loading=\"lazy\" decoding=\"async\" width=\"2000\" height=\"900\" src=\"https:\/\/gokladek.pl\/wp-content\/uploads\/2026\/01\/612728753_1371028501481824_8373480341382312428_n.jpg\" class=\"attachment-full size-full\" alt=\"\" srcset=\"https:\/\/gokladek.pl\/wp-content\/uploads\/2026\/01\/612728753_1371028501481824_8373480341382312428_n.jpg 2000w, https:\/\/gokladek.pl\/wp-content\/uploads\/2026\/01\/612728753_1371028501481824_8373480341382312428_n-300x135.jpg 300w, https:\/\/gokladek.pl\/wp-content\/uploads\/2026\/01\/612728753_1371028501481824_8373480341382312428_n-1024x461.jpg 1024w, https:\/\/gokladek.pl\/wp-content\/uploads\/2026\/01\/612728753_1371028501481824_8373480341382312428_n-768x346.jpg 768w, https:\/\/gokladek.pl\/wp-content\/uploads\/2026\/01\/612728753_1371028501481824_8373480341382312428_n-1536x691.jpg 1536w, https:\/\/gokladek.pl\/wp-content\/uploads\/2026\/01\/612728753_1371028501481824_8373480341382312428_n-600x270.jpg 600w\" sizes=\"(max-width: 2000px) 100vw, 2000px\" \/><\/a>\n\t\t\t<\/div><\/figure><figure class='gallery-item'>\n\t\t\t<div class='gallery-icon landscape'>\n\t\t\t\t<a href='https:\/\/gokladek.pl\/wp-content\/uploads\/2026\/01\/612877824_1371028564815151_8354379303201181192_n.jpg'><img loading=\"lazy\" decoding=\"async\" width=\"2000\" height=\"900\" src=\"https:\/\/gokladek.pl\/wp-content\/uploads\/2026\/01\/612877824_1371028564815151_8354379303201181192_n.jpg\" class=\"attachment-full size-full\" alt=\"\" srcset=\"https:\/\/gokladek.pl\/wp-content\/uploads\/2026\/01\/612877824_1371028564815151_8354379303201181192_n.jpg 2000w, https:\/\/gokladek.pl\/wp-content\/uploads\/2026\/01\/612877824_1371028564815151_8354379303201181192_n-300x135.jpg 300w, https:\/\/gokladek.pl\/wp-content\/uploads\/2026\/01\/612877824_1371028564815151_8354379303201181192_n-1024x461.jpg 1024w, https:\/\/gokladek.pl\/wp-content\/uploads\/2026\/01\/612877824_1371028564815151_8354379303201181192_n-768x346.jpg 768w, https:\/\/gokladek.pl\/wp-content\/uploads\/2026\/01\/612877824_1371028564815151_8354379303201181192_n-1536x691.jpg 1536w, https:\/\/gokladek.pl\/wp-content\/uploads\/2026\/01\/612877824_1371028564815151_8354379303201181192_n-600x270.jpg 600w\" sizes=\"(max-width: 2000px) 100vw, 2000px\" \/><\/a>\n\t\t\t<\/div><\/figure><figure class='gallery-item'>\n\t\t\t<div class='gallery-icon landscape'>\n\t\t\t\t<a href='https:\/\/gokladek.pl\/wp-content\/uploads\/2026\/01\/613067305_1371028364815171_6521637061234462031_n.jpg'><img loading=\"lazy\" decoding=\"async\" width=\"2000\" height=\"900\" src=\"https:\/\/gokladek.pl\/wp-content\/uploads\/2026\/01\/613067305_1371028364815171_6521637061234462031_n.jpg\" class=\"attachment-full size-full\" alt=\"\" srcset=\"https:\/\/gokladek.pl\/wp-content\/uploads\/2026\/01\/613067305_1371028364815171_6521637061234462031_n.jpg 2000w, https:\/\/gokladek.pl\/wp-content\/uploads\/2026\/01\/613067305_1371028364815171_6521637061234462031_n-300x135.jpg 300w, https:\/\/gokladek.pl\/wp-content\/uploads\/2026\/01\/613067305_1371028364815171_6521637061234462031_n-1024x461.jpg 1024w, https:\/\/gokladek.pl\/wp-content\/uploads\/2026\/01\/613067305_1371028364815171_6521637061234462031_n-768x346.jpg 768w, https:\/\/gokladek.pl\/wp-content\/uploads\/2026\/01\/613067305_1371028364815171_6521637061234462031_n-1536x691.jpg 1536w, https:\/\/gokladek.pl\/wp-content\/uploads\/2026\/01\/613067305_1371028364815171_6521637061234462031_n-600x270.jpg 600w\" sizes=\"(max-width: 2000px) 100vw, 2000px\" \/><\/a>\n\t\t\t<\/div><\/figure>\n\t\t<\/div>\n\n<\/div>\n","protected":false},"excerpt":{"rendered":"<p>Na zaproszenie Klubu Seniora &#8222;Z\u0141OTA JESIE\u0143&#8221; w Orchowie, ch\u00f3r BEL CANTO LUTW mia\u0142 przyjemno\u015b\u0107 uczestniczy\u0107 we &#8222;WSP\u00d3LNYM KOL\u0118DOWANIU&#8221; 8 stycznia 2026r.\u00a0 w Domu Stra\u017caka i Kultury w Orchowie, wsp\u00f3lnie z zespo\u0142ami z : Jezior Wielkich, Chrabska, Mogilna, Strzelna, Szczepanowa, Orchowa Ka\u017cdy zesp\u00f3\u0142 wykona\u0142 po 3 kol\u0119dy w mi\u0142ej, serdecznej i jeszcze \u015bwi\u0105tecznej atmosferze wszyscy uczestnicy [&hellip;]<\/p>\n","protected":false},"author":1,"featured_media":0,"parent":0,"menu_order":0,"comment_status":"closed","ping_status":"closed","template":"","meta":{"footnotes":"","_mc_calendar":[]},"_links":{"self":[{"href":"https:\/\/gokladek.pl\/index.php\/wp-json\/wp\/v2\/pages\/258"}],"collection":[{"href":"https:\/\/gokladek.pl\/index.php\/wp-json\/wp\/v2\/pages"}],"about":[{"href":"https:\/\/gokladek.pl\/index.php\/wp-json\/wp\/v2\/types\/page"}],"author":[{"embeddable":true,"href":"https:\/\/gokladek.pl\/index.php\/wp-json\/wp\/v2\/users\/1"}],"replies":[{"embeddable":true,"href":"https:\/\/gokladek.pl\/index.php\/wp-json\/wp\/v2\/comments?post=258"}],"version-history":[{"count":5,"href":"https:\/\/gokladek.pl\/index.php\/wp-json\/wp\/v2\/pages\/258\/revisions"}],"predecessor-version":[{"id":9998,"href":"https:\/\/gokladek.pl\/index.php\/wp-json\/wp\/v2\/pages\/258\/revisions\/9998"}],"wp:attachment":[{"href":"https:\/\/gokladek.pl\/index.php\/wp-json\/wp\/v2\/media?parent=258"}],"curies":[{"name":"wp","href":"https:\/\/api.w.org\/{rel}","templated":true}]}}