{"id":261,"date":"2016-04-18T21:18:36","date_gmt":"2016-04-18T19:18:36","guid":{"rendered":"http:\/\/gokladek.pl\/?page_id=261"},"modified":"2016-04-29T09:55:24","modified_gmt":"2016-04-29T07:55:24","slug":"j-angielski","status":"publish","type":"page","link":"https:\/\/gokladek.pl\/index.php\/sekcje-stale\/j-angielski\/","title":{"rendered":"J. angielski"},"content":{"rendered":"<p>&#8222;Do you speak English?<\/p>\n<p align=\"justify\">J\u0119zyk angielski jest jednym z najpopularniejszych j\u0119zyk\u00f3w na \u015bwiecie. Dlatego, aby m\u00f3c si\u0119 porozumie\u0107 z obcokrajowcami powinni\u015bmy doskonali\u0107 ten j\u0119zyk. Z tego powodu zosta\u0142a utworzona sekcja j\u0119zyka angielskiego w L\u0105dkowskim Uniwersytecie Ludowym. Zaj\u0119cia odbywaj\u0105 si\u0119 od listopada 2015r. we wtorki o godz. 18.00. Na samym pocz\u0105tku uczestnicy byli pe\u0142ni obaw, czy b\u0119d\u0105 potrafili sprosta\u0107 temu wyzwaniu. Na szcz\u0119\u015bcie &#8222;strach ma wielkie oczy&#8221;. Okaza\u0142o si\u0119, \u017ce wszyscy uczestnicy s\u0105 bardzo zdolni i pilni, dlatego wszystkie zagadnienia s\u0105 bardzo szybko opanowywane. Od samego pocz\u0105tku tempo wprowadzanych nowych zagadnie\u0144 jest dostosowane do mo\u017cliwo\u015bci uczestnik\u00f3w, dlatego nikt nie musi si\u0119 obawia\u0107, \u017ce czego\u015b nie zrozumie. Zaj\u0119cia rozpocz\u0119\u0142y si\u0119 podstawowymi zwrotami, jakie mo\u017cemy us\u0142ysze\u0107 od nieznajomej osoby. Po kolei uczestnicy poznawali podstawowe czasowniki, pytania i odpowiedzi zwi\u0105zane z danymi personalnymi, s\u0142ownictwo zwi\u0105zane z codzienno\u015bci\u0105 (np. rodzina, liczby, godziny, hobby itd.), a\u017c do tworzenia zda\u0144 w podstawowym czasie. Na bie\u017c\u0105cym etapie uczestnicy potrafi\u0105 przywita\u0107 si\u0119, przedstawi\u0107, porozmawia\u0107 na temat rodziny i swojego hobby, powiedzie\u0107 kt\u00f3r\u0105 mamy godzin\u0119, gdzie dany przedmiot si\u0119 znajduje, a tak\u017ce opowiedzie\u0107 jakie czynno\u015bci wykonuj\u0105 regularnie.<\/p>\n<p align=\"justify\">Tym oto sposobem udowadniamy, \u017ce j\u0119zyk angielski jest dla ka\u017cdego. Serdecznie zapraszamy nowych uczestnik\u00f3w, aby m\u00f3c komunikowa\u0107 si\u0119 z osobami z r\u00f3\u017cnych zak\u0105tk\u00f3w \u015bwiata.<\/p>\n<p align=\"justify\">zaj\u0119cia odbywaj\u0105 si\u0119 we wtorki od godz:18.00 w sali GOK w L\u0105dku<br \/>\nzaj\u0119cia prowadzi Monika W\u0142odarczyk<\/p>\n","protected":false},"excerpt":{"rendered":"<p>&#8222;Do you speak English? J\u0119zyk angielski jest jednym z najpopularniejszych j\u0119zyk\u00f3w na \u015bwiecie. Dlatego, aby m\u00f3c si\u0119 porozumie\u0107 z obcokrajowcami powinni\u015bmy doskonali\u0107 ten j\u0119zyk. Z tego powodu zosta\u0142a utworzona sekcja j\u0119zyka angielskiego w L\u0105dkowskim Uniwersytecie Ludowym. Zaj\u0119cia odbywaj\u0105 si\u0119 od listopada 2015r. we wtorki o godz. 18.00. Na samym pocz\u0105tku uczestnicy byli pe\u0142ni obaw, czy [&hellip;]<\/p>\n","protected":false},"author":1,"featured_media":462,"parent":252,"menu_order":0,"comment_status":"closed","ping_status":"closed","template":"","meta":{"footnotes":"","_mc_calendar":[]},"_links":{"self":[{"href":"https:\/\/gokladek.pl\/index.php\/wp-json\/wp\/v2\/pages\/261"}],"collection":[{"href":"https:\/\/gokladek.pl\/index.php\/wp-json\/wp\/v2\/pages"}],"about":[{"href":"https:\/\/gokladek.pl\/index.php\/wp-json\/wp\/v2\/types\/page"}],"author":[{"embeddable":true,"href":"https:\/\/gokladek.pl\/index.php\/wp-json\/wp\/v2\/users\/1"}],"replies":[{"embeddable":true,"href":"https:\/\/gokladek.pl\/index.php\/wp-json\/wp\/v2\/comments?post=261"}],"version-history":[{"count":2,"href":"https:\/\/gokladek.pl\/index.php\/wp-json\/wp\/v2\/pages\/261\/revisions"}],"predecessor-version":[{"id":463,"href":"https:\/\/gokladek.pl\/index.php\/wp-json\/wp\/v2\/pages\/261\/revisions\/463"}],"up":[{"embeddable":true,"href":"https:\/\/gokladek.pl\/index.php\/wp-json\/wp\/v2\/pages\/252"}],"wp:featuredmedia":[{"embeddable":true,"href":"https:\/\/gokladek.pl\/index.php\/wp-json\/wp\/v2\/media\/462"}],"wp:attachment":[{"href":"https:\/\/gokladek.pl\/index.php\/wp-json\/wp\/v2\/media?parent=261"}],"curies":[{"name":"wp","href":"https:\/\/api.w.org\/{rel}","templated":true}]}}