{"id":271,"date":"2016-04-18T21:22:10","date_gmt":"2016-04-18T19:22:10","guid":{"rendered":"http:\/\/gokladek.pl\/?page_id=271"},"modified":"2016-05-03T23:56:19","modified_gmt":"2016-05-03T21:56:19","slug":"sportowa","status":"publish","type":"page","link":"https:\/\/gokladek.pl\/index.php\/uniwersytet-iii-wieku\/sportowa\/","title":{"rendered":"Sportowa"},"content":{"rendered":"<p>GIMNASTYKA DLA ZDROWIA<br \/>\nTo zestaw \u0107wicze\u0144 rozci\u0105gaj\u0105cych i wzmacniaj\u0105cych a kluczowe jest oddychanie technik\u0105 pilates, kontrola i p\u0142ynno\u015b\u0107 ruchu. \u0106wiczenia gimnastyczne s\u0142u\u017c\u0105:<br \/>\n&#8211; wzmocnieniu mi\u0119\u015bni z rozci\u0105ganiem i \u0107wiczeniami oddechowymi<br \/>\n&#8211; kszta\u0142tuj\u0105 sylwetk\u0119 a jednocze\u015bnie zapewniaj\u0105 odpr\u0119\u017cenie, popraw\u0119 postawy i koryguj\u0105 jej wady<br \/>\n&#8211; s\u0142u\u017c\u0105 do aktywnej profilaktyki zdrowotnej<br \/>\n&#8211; poprawiaj\u0105 koncentracje, zdolno\u015b\u0107 koordynacji i odpr\u0119\u017cenie<br \/>\n&#8211; dzi\u0119ki \u015bwiadomemu oddychaniu podczas ruchu, pozwalaj\u0105 skupi\u0107 si\u0119 na dok\u0142adnym wykonywaniu \u0107wicze\u0144 i wczuwaniu si\u0119 w napi\u0119te partie cia\u0142a<br \/>\n&#8211; kompleksowe \u0107wiczenia skupiaj\u0105 si\u0119 g\u0142ownie na tak zwanym o\u015brodku si\u0142y ( okolice brzucha)<br \/>\nCelem \u0107wicze\u0144 ( dla Trzeciego Wieku) s\u0105 :<br \/>\n&#8211; przywr\u00f3cenie optymalnie poprawnej sylwetki<br \/>\n-usuni\u0119cie bolesnych i niewygodnych przykurcz\u00f3w mi\u0119\u015bni<br \/>\n&#8211; wzmocnienie mi\u0119\u015bni os\u0142abionych<br \/>\n-poprawienie dzia\u0142ania uk\u0142adu oddechowego<br \/>\n&#8211; poprawa samopoczucia , sprawno\u015bci fizycznej i umys\u0142owej<br \/>\nZaj\u0119cia odbywaj\u0105 si\u0119 w czwartki zamiennie I i II czwartek miesi\u0105ca w L\u0105dku a II i IV czwartek miesi\u0105ca w Ci\u0105\u017ceniu. Zaj\u0119cia prowadzi Instruktor Pani Halina Mi\u0119tkiewicz<\/p>\n<div id='gallery-1' class='gallery galleryid-271 gallery-columns-3 gallery-size-thumbnail'><figure class='gallery-item'>\n\t\t\t<div class='gallery-icon landscape'>\n\t\t\t\t<a href='https:\/\/gokladek.pl\/wp-content\/uploads\/2016\/04\/20151105_191201.jpg'><img decoding=\"async\" width=\"150\" height=\"150\" src=\"https:\/\/gokladek.pl\/wp-content\/uploads\/2016\/04\/20151105_191201-150x150.jpg\" class=\"attachment-thumbnail size-thumbnail\" alt=\"\" \/><\/a>\n\t\t\t<\/div><\/figure><figure class='gallery-item'>\n\t\t\t<div class='gallery-icon landscape'>\n\t\t\t\t<a href='https:\/\/gokladek.pl\/wp-content\/uploads\/2016\/04\/20151105_191352.jpg'><img decoding=\"async\" width=\"150\" height=\"150\" src=\"https:\/\/gokladek.pl\/wp-content\/uploads\/2016\/04\/20151105_191352-150x150.jpg\" class=\"attachment-thumbnail size-thumbnail\" alt=\"\" \/><\/a>\n\t\t\t<\/div><\/figure><figure class='gallery-item'>\n\t\t\t<div class='gallery-icon landscape'>\n\t\t\t\t<a href='https:\/\/gokladek.pl\/wp-content\/uploads\/2016\/04\/20151105_191540.jpg'><img decoding=\"async\" width=\"150\" height=\"150\" src=\"https:\/\/gokladek.pl\/wp-content\/uploads\/2016\/04\/20151105_191540-150x150.jpg\" class=\"attachment-thumbnail size-thumbnail\" alt=\"\" \/><\/a>\n\t\t\t<\/div><\/figure><figure class='gallery-item'>\n\t\t\t<div class='gallery-icon landscape'>\n\t\t\t\t<a href='https:\/\/gokladek.pl\/wp-content\/uploads\/2016\/04\/20151105_191555.jpg'><img loading=\"lazy\" decoding=\"async\" width=\"150\" height=\"150\" src=\"https:\/\/gokladek.pl\/wp-content\/uploads\/2016\/04\/20151105_191555-150x150.jpg\" class=\"attachment-thumbnail size-thumbnail\" alt=\"\" \/><\/a>\n\t\t\t<\/div><\/figure><figure class='gallery-item'>\n\t\t\t<div class='gallery-icon landscape'>\n\t\t\t\t<a href='https:\/\/gokladek.pl\/wp-content\/uploads\/2016\/04\/20151119_190543.jpg'><img loading=\"lazy\" decoding=\"async\" width=\"150\" height=\"150\" src=\"https:\/\/gokladek.pl\/wp-content\/uploads\/2016\/04\/20151119_190543-150x150.jpg\" class=\"attachment-thumbnail size-thumbnail\" alt=\"\" \/><\/a>\n\t\t\t<\/div><\/figure><figure class='gallery-item'>\n\t\t\t<div class='gallery-icon landscape'>\n\t\t\t\t<a href='https:\/\/gokladek.pl\/wp-content\/uploads\/2016\/04\/20151119_190939.jpg'><img loading=\"lazy\" decoding=\"async\" width=\"150\" height=\"150\" src=\"https:\/\/gokladek.pl\/wp-content\/uploads\/2016\/04\/20151119_190939-150x150.jpg\" class=\"attachment-thumbnail size-thumbnail\" alt=\"\" \/><\/a>\n\t\t\t<\/div><\/figure>\n\t\t<\/div>\n\n","protected":false},"excerpt":{"rendered":"<p>GIMNASTYKA DLA ZDROWIA To zestaw \u0107wicze\u0144 rozci\u0105gaj\u0105cych i wzmacniaj\u0105cych a kluczowe jest oddychanie technik\u0105 pilates, kontrola i p\u0142ynno\u015b\u0107 ruchu. \u0106wiczenia gimnastyczne s\u0142u\u017c\u0105: &#8211; wzmocnieniu mi\u0119\u015bni z rozci\u0105ganiem i \u0107wiczeniami oddechowymi &#8211; kszta\u0142tuj\u0105 sylwetk\u0119 a jednocze\u015bnie zapewniaj\u0105 odpr\u0119\u017cenie, popraw\u0119 postawy i koryguj\u0105 jej wady &#8211; s\u0142u\u017c\u0105 do aktywnej profilaktyki zdrowotnej &#8211; poprawiaj\u0105 koncentracje, zdolno\u015b\u0107 koordynacji i [&hellip;]<\/p>\n","protected":false},"author":1,"featured_media":431,"parent":121,"menu_order":0,"comment_status":"closed","ping_status":"closed","template":"","meta":{"footnotes":"","_mc_calendar":[]},"_links":{"self":[{"href":"https:\/\/gokladek.pl\/index.php\/wp-json\/wp\/v2\/pages\/271"}],"collection":[{"href":"https:\/\/gokladek.pl\/index.php\/wp-json\/wp\/v2\/pages"}],"about":[{"href":"https:\/\/gokladek.pl\/index.php\/wp-json\/wp\/v2\/types\/page"}],"author":[{"embeddable":true,"href":"https:\/\/gokladek.pl\/index.php\/wp-json\/wp\/v2\/users\/1"}],"replies":[{"embeddable":true,"href":"https:\/\/gokladek.pl\/index.php\/wp-json\/wp\/v2\/comments?post=271"}],"version-history":[{"count":3,"href":"https:\/\/gokladek.pl\/index.php\/wp-json\/wp\/v2\/pages\/271\/revisions"}],"predecessor-version":[{"id":498,"href":"https:\/\/gokladek.pl\/index.php\/wp-json\/wp\/v2\/pages\/271\/revisions\/498"}],"up":[{"embeddable":true,"href":"https:\/\/gokladek.pl\/index.php\/wp-json\/wp\/v2\/pages\/121"}],"wp:featuredmedia":[{"embeddable":true,"href":"https:\/\/gokladek.pl\/index.php\/wp-json\/wp\/v2\/media\/431"}],"wp:attachment":[{"href":"https:\/\/gokladek.pl\/index.php\/wp-json\/wp\/v2\/media?parent=271"}],"curies":[{"name":"wp","href":"https:\/\/api.w.org\/{rel}","templated":true}]}}