{"id":323,"date":"2016-04-20T19:34:56","date_gmt":"2016-04-20T17:34:56","guid":{"rendered":"http:\/\/gokladek.pl\/?page_id=323"},"modified":"2016-04-20T19:44:22","modified_gmt":"2016-04-20T17:44:22","slug":"klub-seniora-radosc","status":"publish","type":"page","link":"https:\/\/gokladek.pl\/index.php\/9-2\/klub-seniora-radosc\/","title":{"rendered":"Klub Seniora Rado\u015b\u0107"},"content":{"rendered":"<p>Klub Seniora \u201eRADO\u015a\u0106\u201d spotkanie andrzejkowe kt\u00f3re odby\u0142o si\u0119 w sali GOK w L\u0105dku 26 listopada 1993 roku.<br \/>\nOd pocz\u0105tku istnienia klubu spotkania odbywa\u0142y si\u0119 we wtorki i tak prosz\u0119 pa\u0144stwa przez 20 lat niezmiennie to trwa .<br \/>\nPrzez ca\u0142y okres dzia\u0142alno\u015bci nasi seniorzy zdobyli wiele nagr\u00f3d na r\u00f3\u017cnych festiwalach i przegl\u0105dach organizowanych dla senior\u00f3w mi\u0119dzy innymi: we W\u0142adys\u0142awowie, w Wilczynie , w Turku, w Trzemesznie, w Powidzu itp. Sk\u0105d przywozili pami\u0105tkowe dyplomy i niejednokrotnie wspania\u0142e nagrody kt\u00f3re s\u0142u\u017c \u0105 nam do dzisiaj.<br \/>\nSeniorzy r\u00f3wnie\u017c uczestnicz\u0105 w \u017cyciu kulturalnym , wyst\u0119puj\u0105c podczas wielu uroczysto\u015bci organizowanych na terenie gminy : uroczysto\u015bci patriotyczne: 3 maja i 11 listopada, ZADUSZKI poetyckie, udzia\u0142 w uroczysto\u015bci 50- lecia po\u017cycia ma\u0142\u017ce\u0144skiego , lokalne festyny itp.<br \/>\nKlub Seniora r\u00f3wnie\u017c bra\u0142 czynny udzia\u0142 w wielu projektach organizowanych przez GOK L\u0105dek i Stowarzyszenie Warto Pomaga\u0107<br \/>\n1. projekt \u201eW naszym regionie jest pi\u0119knie i smacznie przyjed\u017acie do nas i sami zobaczcie\u201d w 2009 gdzie uczy\u0142 m\u0142ode pokolenie gotowania potraw takich jak : pyrczok, jarmu\u017c, parzybroda, barszcz z jajkami ,czornina z golokami, zalewajka, polewka, warka<br \/>\n2. projekt \u201eOdpoczynek w naszej gminie ju\u017c na ca\u0142a Polsk\u0119 s\u0142ynie\u201d kontynuacja nauki gotowania potraw lokalnych na bazie zakwas\u00f3w:<br \/>\n3. Seniorzy byli r\u00f3wnie\u017c uczestnikami projekt\u00f3w w partnerstwie ze Stowarzyszeniem \u201dWarto Pomaga\u0107\u201d np.<br \/>\n&#8211; \u201eDla siebie i innych dzielimy si\u0119 ka\u017cd\u0105 chwila naszego dojrza\u0142ego \u017cycia\u201d \u2013 w czasie realizacji zada\u0144 kreowano wizerunek aktywnego seniora, promowano zdrowy styl sp\u0119dzania wolnego czasu.<br \/>\n&#8211; \u201e Zrozumie\u0107 Staro\u015b\u0107\u201d \u2013 profilaktyka zdrowotna wieku starczego\u201d \u2013 dzia\u0142ania w tym projekcie to : zorganizowano cykl spotka\u0144 , prelekcji, pobudzenie aktywno\u015bci fizycznej senior\u00f3w<br \/>\n&#8211; \u201eW \u015bwi\u0105tecznym klimacie &#8211; czar \u015bwi\u0105t bo\u017conarodzeniowych\u201d \u2013 to piel\u0119gnowanie tradycji lokalnych , kultury , przekazywanie zwyczaj\u00f3w z pokolenia na pokolenie, prze\u017cywanie radosnych \u015bwi\u0105t Bo\u017cego narodzenia poprzez uczestnictwo w spotkaniach z tw\u00f3rczo\u015bci\u0105 ,koled\u0105, udzia\u0142 w konkursach spotkaniu integruj\u0105cym i podsumowuj\u0105cym projekt.<br \/>\n&#8211; obecnie seniorzy uczestnicz\u0105 w realizacji projektu \u201eMost Mi\u0119dzypokoleniowy\u201d w ramach Rz\u0105dowego Programu Aktywizacji Os\u00f3b starszych na lata 2013 \u2013 2013 wsp\u00f3\u0142finansowanego przez ministerstwo pracy i Polityki Spo\u0142ecznej . Projekt zak\u0142ada wspieranie , propagowanie idei aktywnego \u017cycia w\u015br\u00f3d senior\u00f3w , integracj\u0119 mi\u0119dzypokoleniowa ( senior\u00f3w 60+ i r\u00f3\u017cnych grup wiekowych) w gminie L\u0105dek. Wsp\u00f3lne dzia\u0142ania w obszarze kultury , edukacji, rozwijania solidarno\u015bci mi\u0119dzypokoleniowej, budowania sieci spo\u0142ecznej w tym wolontariatu wewn\u0105trz i mi\u0119dzypokoleniowego<br \/>\nSeniorzy w swoim bogatym repertuarze posiadaj\u0105 utwory : Biesiadne, ludowe, patriotyczne , kt\u00f3re bardzo ch\u0119tnie przy r\u00f3\u017cnych okazjach prezentuj\u0105 w swoim wykonaniu.<\/p>\n<div id='gallery-1' class='gallery galleryid-323 gallery-columns-3 gallery-size-thumbnail'><figure class='gallery-item'>\n\t\t\t<div class='gallery-icon landscape'>\n\t\t\t\t<a href='https:\/\/gokladek.pl\/wp-content\/uploads\/2016\/04\/gal_radosc_1.jpg'><img decoding=\"async\" width=\"150\" height=\"150\" src=\"https:\/\/gokladek.pl\/wp-content\/uploads\/2016\/04\/gal_radosc_1-150x150.jpg\" class=\"attachment-thumbnail size-thumbnail\" alt=\"\" \/><\/a>\n\t\t\t<\/div><\/figure><figure class='gallery-item'>\n\t\t\t<div class='gallery-icon landscape'>\n\t\t\t\t<a href='https:\/\/gokladek.pl\/wp-content\/uploads\/2016\/04\/gal_radosc_2.jpg'><img decoding=\"async\" width=\"150\" height=\"150\" src=\"https:\/\/gokladek.pl\/wp-content\/uploads\/2016\/04\/gal_radosc_2-150x150.jpg\" class=\"attachment-thumbnail size-thumbnail\" alt=\"\" \/><\/a>\n\t\t\t<\/div><\/figure><figure class='gallery-item'>\n\t\t\t<div class='gallery-icon landscape'>\n\t\t\t\t<a href='https:\/\/gokladek.pl\/wp-content\/uploads\/2016\/04\/gal_radosc_3.jpg'><img decoding=\"async\" width=\"150\" height=\"150\" src=\"https:\/\/gokladek.pl\/wp-content\/uploads\/2016\/04\/gal_radosc_3-150x150.jpg\" class=\"attachment-thumbnail size-thumbnail\" alt=\"\" \/><\/a>\n\t\t\t<\/div><\/figure><figure class='gallery-item'>\n\t\t\t<div class='gallery-icon landscape'>\n\t\t\t\t<a href='https:\/\/gokladek.pl\/wp-content\/uploads\/2016\/04\/gal_radosc_4.jpg'><img loading=\"lazy\" decoding=\"async\" width=\"150\" height=\"150\" src=\"https:\/\/gokladek.pl\/wp-content\/uploads\/2016\/04\/gal_radosc_4-150x150.jpg\" class=\"attachment-thumbnail size-thumbnail\" alt=\"\" \/><\/a>\n\t\t\t<\/div><\/figure>\n\t\t<\/div>\n\n","protected":false},"excerpt":{"rendered":"<p>Klub Seniora \u201eRADO\u015a\u0106\u201d spotkanie andrzejkowe kt\u00f3re odby\u0142o si\u0119 w sali GOK w L\u0105dku 26 listopada 1993 roku. Od pocz\u0105tku istnienia klubu spotkania odbywa\u0142y si\u0119 we wtorki i tak prosz\u0119 pa\u0144stwa przez 20 lat niezmiennie to trwa . Przez ca\u0142y okres dzia\u0142alno\u015bci nasi seniorzy zdobyli wiele nagr\u00f3d na r\u00f3\u017cnych festiwalach i przegl\u0105dach organizowanych dla senior\u00f3w mi\u0119dzy [&hellip;]<\/p>\n","protected":false},"author":1,"featured_media":0,"parent":9,"menu_order":0,"comment_status":"closed","ping_status":"closed","template":"","meta":{"footnotes":"","_mc_calendar":[]},"_links":{"self":[{"href":"https:\/\/gokladek.pl\/index.php\/wp-json\/wp\/v2\/pages\/323"}],"collection":[{"href":"https:\/\/gokladek.pl\/index.php\/wp-json\/wp\/v2\/pages"}],"about":[{"href":"https:\/\/gokladek.pl\/index.php\/wp-json\/wp\/v2\/types\/page"}],"author":[{"embeddable":true,"href":"https:\/\/gokladek.pl\/index.php\/wp-json\/wp\/v2\/users\/1"}],"replies":[{"embeddable":true,"href":"https:\/\/gokladek.pl\/index.php\/wp-json\/wp\/v2\/comments?post=323"}],"version-history":[{"count":4,"href":"https:\/\/gokladek.pl\/index.php\/wp-json\/wp\/v2\/pages\/323\/revisions"}],"predecessor-version":[{"id":332,"href":"https:\/\/gokladek.pl\/index.php\/wp-json\/wp\/v2\/pages\/323\/revisions\/332"}],"up":[{"embeddable":true,"href":"https:\/\/gokladek.pl\/index.php\/wp-json\/wp\/v2\/pages\/9"}],"wp:attachment":[{"href":"https:\/\/gokladek.pl\/index.php\/wp-json\/wp\/v2\/media?parent=323"}],"curies":[{"name":"wp","href":"https:\/\/api.w.org\/{rel}","templated":true}]}}