{"id":443,"date":"2016-04-29T09:43:04","date_gmt":"2016-04-29T07:43:04","guid":{"rendered":"http:\/\/gokladek.pl\/?page_id=443"},"modified":"2016-10-06T23:22:42","modified_gmt":"2016-10-06T21:22:42","slug":"j-angielski","status":"publish","type":"page","link":"https:\/\/gokladek.pl\/index.php\/9-2\/zajecia-stale\/j-angielski\/","title":{"rendered":"j. angielski"},"content":{"rendered":"<p>ANGIELSKI-DZIECI<\/p>\n<p>INFORMACJE OG\u00d3LNE DOTYCZ\u0104CE ZAJ\u0118\u0106 Z J\u0118ZYKA ANGIELSKIEGO W GMINNYM O\u015aRODKU KULTURY W L\u0104DKU<\/p>\n<p>Przewidywane grupy wiekowe:<\/p>\n<p>Grupa I: 5-6 lat<br \/>\nGrupa II: 7-8 lat<br \/>\nGrupa III: 8-9 lat<br \/>\nGrupa IV: 10- 11 lat (4klasa)<br \/>\n(Mog\u0105 wyst\u0105pi\u0107 zmiany ze wzgl\u0119du na ilo\u015b\u0107 dzieci w grupie)<\/p>\n<p>Informacje:<\/p>\n<p>Zaj\u0119cia odbywaj\u0105 si\u0119 raz w tygodniu  w poniedzia\u0142ki Trwaj\u0105 60min.<br \/>\nDla 5-6 latk\u00f3w 30 min<\/p>\n<p>P\u0142atno\u015b\u0107: 40z\u0142\/miesi\u0105c. Dla 5 -6 latk\u00f3w 20 z\u0142\/m-c. \u015arodki te przeznaczone s\u0105 m.in. na zakup pomocy dydaktycznych potrzebnych do zaj\u0119\u0107. P\u0142atno\u015bci prosz\u0119 dokonywa\u0107 na pocz\u0105tku ka\u017cdego miesi\u0105ca.<\/p>\n<p>Pomimo, i\u017c dziecko nie b\u0119dzie na ka\u017cdych zaj\u0119ciach, p\u0142atno\u015b\u0107 dotyczy za ca\u0142y miesi\u0105c, poniewa\u017c wszystkie \u015brodki dydaktyczne s\u0105 przeznaczane dla ka\u017cdego dziecka indywidualnie i otrzyma ono zaleg\u0142e materia\u0142y.<\/p>\n<p>Je\u017celi dziecko zrezygnuje na sta\u0142e z uczestnictwa w zaj\u0119ciach prosz\u0119 o wcze\u015bniejszy kontakt. <\/p>\n<p>Ka\u017cde dziecko otrzyma \u201eactivity card\u201d. Jest to karta aktywno\u015bci uczni\u00f3w. Uczniowie b\u0119d\u0105 wkleja\u0107 na ni\u0105 naklejki, kt\u00f3re otrzymaj\u0105 za zaanga\u017cowanie na zaj\u0119ciach i za prace domowe.<\/p>\n<p>Na koniec roku szkolnego za pomoc\u0105 \u201eactivity card\u201d zliczone zostan\u0105 punkty. Dzieci otrzymaj\u0105 medale.<\/p>\n<p>W maju 2017 r. op\u0142ata b\u0119dzie wy\u017csza ze wzgl\u0119du na zakup nagr\u00f3d dla wszystkich dzieci (ok. 10-15z\u0142). W razie jakichkolwiek zastrze\u017ce\u0144 prosz\u0119 o kontakt.<\/p>\n<p>Przewidziane s\u0105 wyst\u0119py grup na r\u00f3\u017cnych gminnych imprezach.<\/p>\n<p>Dzieci na zaj\u0119cia mog\u0105 ze sob\u0105 przynosi\u0107 nap\u00f3j.<\/p>\n<p>Ka\u017cde dziecko podczas zaj\u0119\u0107 powinno mie\u0107 ze sob\u0105:<br \/>\n&#8211; activity card<br \/>\n&#8211; zeszyt, w kt\u00f3rym wkleja poznane s\u0142ownictwo (je\u017celi kto\u015b posiada zeszyt z zesz\u0142ego roku mo\u017ce go kontynuowa\u0107)<br \/>\n&#8211; teczk\u0119 lub folie do schowania prac dodatkowych<br \/>\n&#8211; pi\u00f3rnik<\/p>\n<p>Je\u017celi dziecka nie by\u0142o na wcze\u015bniejszych zaj\u0119ciach, prosz\u0119 aby zg\u0142osi\u0142o si\u0119 na pocz\u0105tku zaj\u0119\u0107, aby otrzyma\u0107 zaleg\u0142e materia\u0142y.<\/p>\n<p>Raz w miesi\u0105cu wypada impreza tematyczna. Dlatego dodatkowo na pocz\u0105tku roku szkolnego poprosz\u0119 Pa\u0144stwa o wype\u0142nienie zgody na przeprowadzenie takich zaj\u0119\u0107. Przyk\u0142adowa tematyka zaj\u0119\u0107: Halloween, Bo\u017ce Narodzenie, Karnawa\u0142, Dzie\u0144 Dziecka.*<\/p>\n<p>Podczas takich zaj\u0119\u0107 czas przeznaczony jest g\u0142\u00f3wnie na taniec i zabawy w j\u0119zyku angielskim. Przewidziany jest pocz\u0119stunek: s\u0142odko\u015bci, owoce, napoje.<\/p>\n<p>Je\u017celi Pa\u0144stwo maj\u0105 pomys\u0142 na zaj\u0119cia i inne sugestie, jestem otwarta na nowe propozycje.<\/p>\n<p>W razie potrzeby prosz\u0119 kontaktowa\u0107 si\u0119 ze mn\u0105 pod numerem telefonu:<br \/>\n Monika W\u0142odarczyk 782672288<\/p>\n<p>Czego dzieci naucz\u0105 si\u0119 podczas zaj\u0119\u0107 z j\u0119zyka angielskiego?<br \/>\nZaj\u0119cia z j\u0119zyka angielskiego przeprowadzane s\u0105 g\u0142\u00f3wnie poprzez zabaw\u0119. Dzieci ucz\u0105 si\u0119:<br \/>\n&#8211; podstawowego s\u0142ownictwa<br \/>\n&#8211; poznaj\u0105 podstawowe zwroty<br \/>\n&#8211; naucz\u0105 si\u0119 jak nale\u017cy si\u0119 przedstawi\u0107<br \/>\n&#8211; przyswoj\u0105 podstawow\u0105 gramatyk\u0119<br \/>\nNa zaj\u0119ciach dzieci du\u017co si\u0119 ruszaj\u0105, ta\u0144cz\u0105 i \u015bpiewaj\u0105, wykonuj\u0105 \u0107wiczenia manualne, rysuj\u0105, pracuj\u0105 w grupie i parach, tworz\u0105 projekty, uczestnicz\u0105 w zabawach. Zdarzaj\u0105 si\u0119 zaj\u0119cia, na kt\u00f3rych nauczyciel rozmawia z dzie\u0107mi jedynie w j\u0119zyku angielskim (wydaje polecenia, t\u0142umaczy w j\u0119zyku angielskim).<\/p>\n<p>Grupa najstarsza (10-11) \u2013 zaj\u0119cia g\u0142\u00f3wnie b\u0119d\u0105 si\u0119 opiera\u0142y na \u0107wiczeniach gramatycznych i ze s\u0142ownictwa. Co nie oznacza, \u017ce zabraknie zabawy. Na zaj\u0119ciach mog\u0105 pojawia\u0107 si\u0119 \u201ekartk\u00f3wki\u201d ze s\u0142ownictwa, kt\u00f3re nie b\u0119d\u0105 oceniane. Je\u017celi uczniowie zdob\u0119d\u0105 okre\u015blon\u0105 liczb\u0119 punkt\u00f3w, otrzymaj\u0105 dodatkow\u0105 naklejk\u0119 do \u201eactivity card\u201d. Zaj\u0119cia b\u0119d\u0105 si\u0119 opiera\u0107 na podr\u0119cznikach i materiale przerabianym w szkole. <\/p>\n<div id='gallery-1' class='gallery galleryid-443 gallery-columns-3 gallery-size-thumbnail'><figure class='gallery-item'>\n\t\t\t<div class='gallery-icon landscape'>\n\t\t\t\t<a href='https:\/\/gokladek.pl\/wp-content\/uploads\/2016\/04\/20151020_162006.jpg'><img decoding=\"async\" width=\"150\" height=\"150\" src=\"https:\/\/gokladek.pl\/wp-content\/uploads\/2016\/04\/20151020_162006-150x150.jpg\" class=\"attachment-thumbnail size-thumbnail\" alt=\"\" \/><\/a>\n\t\t\t<\/div><\/figure><figure class='gallery-item'>\n\t\t\t<div class='gallery-icon landscape'>\n\t\t\t\t<a href='https:\/\/gokladek.pl\/wp-content\/uploads\/2016\/04\/20151020_162016.jpg'><img decoding=\"async\" width=\"150\" height=\"150\" src=\"https:\/\/gokladek.pl\/wp-content\/uploads\/2016\/04\/20151020_162016-150x150.jpg\" class=\"attachment-thumbnail size-thumbnail\" alt=\"\" \/><\/a>\n\t\t\t<\/div><\/figure><figure class='gallery-item'>\n\t\t\t<div class='gallery-icon landscape'>\n\t\t\t\t<a href='https:\/\/gokladek.pl\/wp-content\/uploads\/2016\/04\/20151117_173139.jpg'><img decoding=\"async\" width=\"150\" height=\"150\" src=\"https:\/\/gokladek.pl\/wp-content\/uploads\/2016\/04\/20151117_173139-150x150.jpg\" class=\"attachment-thumbnail size-thumbnail\" alt=\"\" \/><\/a>\n\t\t\t<\/div><\/figure><figure class='gallery-item'>\n\t\t\t<div class='gallery-icon landscape'>\n\t\t\t\t<a href='https:\/\/gokladek.pl\/wp-content\/uploads\/2016\/04\/20151117_173235.jpg'><img loading=\"lazy\" decoding=\"async\" width=\"150\" height=\"150\" src=\"https:\/\/gokladek.pl\/wp-content\/uploads\/2016\/04\/20151117_173235-150x150.jpg\" class=\"attachment-thumbnail size-thumbnail\" alt=\"\" \/><\/a>\n\t\t\t<\/div><\/figure><figure class='gallery-item'>\n\t\t\t<div class='gallery-icon landscape'>\n\t\t\t\t<a href='https:\/\/gokladek.pl\/wp-content\/uploads\/2016\/04\/DSCN1141.jpg'><img loading=\"lazy\" decoding=\"async\" width=\"150\" height=\"150\" src=\"https:\/\/gokladek.pl\/wp-content\/uploads\/2016\/04\/DSCN1141-150x150.jpg\" class=\"attachment-thumbnail size-thumbnail\" alt=\"\" \/><\/a>\n\t\t\t<\/div><\/figure><figure class='gallery-item'>\n\t\t\t<div class='gallery-icon landscape'>\n\t\t\t\t<a href='https:\/\/gokladek.pl\/wp-content\/uploads\/2016\/04\/DSCN1325.jpg'><img loading=\"lazy\" decoding=\"async\" width=\"150\" height=\"150\" src=\"https:\/\/gokladek.pl\/wp-content\/uploads\/2016\/04\/DSCN1325-150x150.jpg\" class=\"attachment-thumbnail size-thumbnail\" alt=\"\" \/><\/a>\n\t\t\t<\/div><\/figure><figure class='gallery-item'>\n\t\t\t<div class='gallery-icon landscape'>\n\t\t\t\t<a href='https:\/\/gokladek.pl\/wp-content\/uploads\/2016\/04\/DSCN1327.jpg'><img loading=\"lazy\" decoding=\"async\" width=\"150\" height=\"150\" src=\"https:\/\/gokladek.pl\/wp-content\/uploads\/2016\/04\/DSCN1327-150x150.jpg\" class=\"attachment-thumbnail size-thumbnail\" alt=\"\" \/><\/a>\n\t\t\t<\/div><\/figure><figure class='gallery-item'>\n\t\t\t<div class='gallery-icon landscape'>\n\t\t\t\t<a href='https:\/\/gokladek.pl\/wp-content\/uploads\/2016\/04\/DSCN1732.jpg'><img loading=\"lazy\" decoding=\"async\" width=\"150\" height=\"150\" src=\"https:\/\/gokladek.pl\/wp-content\/uploads\/2016\/04\/DSCN1732-150x150.jpg\" class=\"attachment-thumbnail size-thumbnail\" alt=\"\" \/><\/a>\n\t\t\t<\/div><\/figure><figure class='gallery-item'>\n\t\t\t<div class='gallery-icon landscape'>\n\t\t\t\t<a href='https:\/\/gokladek.pl\/wp-content\/uploads\/2016\/04\/DSCN1736.jpg'><img loading=\"lazy\" decoding=\"async\" width=\"150\" height=\"150\" src=\"https:\/\/gokladek.pl\/wp-content\/uploads\/2016\/04\/DSCN1736-150x150.jpg\" class=\"attachment-thumbnail size-thumbnail\" alt=\"\" \/><\/a>\n\t\t\t<\/div><\/figure><figure class='gallery-item'>\n\t\t\t<div class='gallery-icon landscape'>\n\t\t\t\t<a href='https:\/\/gokladek.pl\/wp-content\/uploads\/2016\/04\/DSCN1737.jpg'><img loading=\"lazy\" decoding=\"async\" width=\"150\" height=\"150\" src=\"https:\/\/gokladek.pl\/wp-content\/uploads\/2016\/04\/DSCN1737-150x150.jpg\" class=\"attachment-thumbnail size-thumbnail\" alt=\"\" \/><\/a>\n\t\t\t<\/div><\/figure>\n\t\t<\/div>\n\nANGIELSKI-DORO\u015aLI<\/p>\n<p>&#8222;Do you speak English?<br \/>\nJ\u0119zyk angielski jest jednym z najpopularniejszych j\u0119zyk\u00f3w na \u015bwiecie. Dlatego, aby m\u00f3c si\u0119 porozumie\u0107 z obcokrajowcami powinni\u015bmy doskonali\u0107 ten j\u0119zyk. Z tego powodu zosta\u0142a utworzona sekcja j\u0119zyka angielskiego w L\u0105dkowskim Uniwersytecie Ludowym. Zaj\u0119cia odbywaj\u0105 si\u0119 od listopada 2015r. we wtorki o godz. 18.00. Na samym pocz\u0105tku uczestnicy byli pe\u0142ni obaw, czy b\u0119d\u0105 potrafili sprosta\u0107 temu wyzwaniu. Na szcz\u0119\u015bcie &#8222;strach ma wielkie oczy&#8221;. Okaza\u0142o si\u0119, \u017ce wszyscy uczestnicy s\u0105 bardzo zdolni i pilni, dlatego wszystkie zagadnienia s\u0105 bardzo szybko opanowywane. Od samego pocz\u0105tku tempo wprowadzanych nowych zagadnie\u0144 jest dostosowane do mo\u017cliwo\u015bci uczestnik\u00f3w, dlatego nikt nie musi si\u0119 obawia\u0107, \u017ce czego\u015b nie zrozumie. Zaj\u0119cia rozpocz\u0119\u0142y si\u0119 podstawowymi zwrotami, jakie mo\u017cemy us\u0142ysze\u0107 od nieznajomej osoby. Po kolei uczestnicy poznawali podstawowe czasowniki, pytania i odpowiedzi zwi\u0105zane z danymi personalnymi, s\u0142ownictwo zwi\u0105zane z codzienno\u015bci\u0105 (np. rodzina, liczby, godziny, hobby itd.), a\u017c do tworzenia zda\u0144 w podstawowym czasie. Na bie\u017c\u0105cym etapie uczestnicy potrafi\u0105 przywita\u0107 si\u0119, przedstawi\u0107, porozmawia\u0107 na temat rodziny i swojego hobby, powiedzie\u0107 kt\u00f3r\u0105 mamy godzin\u0119, gdzie dany przedmiot si\u0119 znajduje, a tak\u017ce opowiedzie\u0107 jakie czynno\u015bci wykonuj\u0105 regularnie.<br \/>\nTym oto sposobem udowadniamy, \u017ce j\u0119zyk angielski jest dla ka\u017cdego. Serdecznie zapraszamy nowych uczestnik\u00f3w, aby m\u00f3c komunikowa\u0107 si\u0119 z osobami z r\u00f3\u017cnych zak\u0105tk\u00f3w \u015bwiata.<\/p>\n<p>&nbsp;<\/p>\n<p>zaj\u0119cia odbywaj\u0105 si\u0119 we wtorki od 16.00 -18.00 w sali GOK w L\u0105dku.<br \/>\nZaj\u0119cia prowadzi Monika W\u0142odarczyk<\/p>\n","protected":false},"excerpt":{"rendered":"<p>ANGIELSKI-DZIECI INFORMACJE OG\u00d3LNE DOTYCZ\u0104CE ZAJ\u0118\u0106 Z J\u0118ZYKA ANGIELSKIEGO W GMINNYM O\u015aRODKU KULTURY W L\u0104DKU Przewidywane grupy wiekowe: Grupa I: 5-6 lat Grupa II: 7-8 lat Grupa III: 8-9 lat Grupa IV: 10- 11 lat (4klasa) (Mog\u0105 wyst\u0105pi\u0107 zmiany ze wzgl\u0119du na ilo\u015b\u0107 dzieci w grupie) Informacje: Zaj\u0119cia odbywaj\u0105 si\u0119 raz w tygodniu w poniedzia\u0142ki Trwaj\u0105 [&hellip;]<\/p>\n","protected":false},"author":1,"featured_media":0,"parent":243,"menu_order":0,"comment_status":"closed","ping_status":"closed","template":"","meta":{"footnotes":"","_mc_calendar":[]},"_links":{"self":[{"href":"https:\/\/gokladek.pl\/index.php\/wp-json\/wp\/v2\/pages\/443"}],"collection":[{"href":"https:\/\/gokladek.pl\/index.php\/wp-json\/wp\/v2\/pages"}],"about":[{"href":"https:\/\/gokladek.pl\/index.php\/wp-json\/wp\/v2\/types\/page"}],"author":[{"embeddable":true,"href":"https:\/\/gokladek.pl\/index.php\/wp-json\/wp\/v2\/users\/1"}],"replies":[{"embeddable":true,"href":"https:\/\/gokladek.pl\/index.php\/wp-json\/wp\/v2\/comments?post=443"}],"version-history":[{"count":8,"href":"https:\/\/gokladek.pl\/index.php\/wp-json\/wp\/v2\/pages\/443\/revisions"}],"predecessor-version":[{"id":815,"href":"https:\/\/gokladek.pl\/index.php\/wp-json\/wp\/v2\/pages\/443\/revisions\/815"}],"up":[{"embeddable":true,"href":"https:\/\/gokladek.pl\/index.php\/wp-json\/wp\/v2\/pages\/243"}],"wp:attachment":[{"href":"https:\/\/gokladek.pl\/index.php\/wp-json\/wp\/v2\/media?parent=443"}],"curies":[{"name":"wp","href":"https:\/\/api.w.org\/{rel}","templated":true}]}}