{"id":759,"date":"2016-07-28T22:41:49","date_gmt":"2016-07-28T20:41:49","guid":{"rendered":"http:\/\/gokladek.pl\/?page_id=759"},"modified":"2016-07-28T22:52:07","modified_gmt":"2016-07-28T20:52:07","slug":"wycieczka-praga-9-10-wrzesnia-2016","status":"publish","type":"page","link":"https:\/\/gokladek.pl\/index.php\/wycieczka-praga-9-10-wrzesnia-2016\/","title":{"rendered":"Wycieczka &#8211; Praga 9-10 wrze\u015bnia 2016"},"content":{"rendered":"<p><strong>PRAGA 9-10 wrze\u015bnia 2016<\/strong><\/p>\n<p><strong>16 kwietnia<\/strong><\/p>\n<p>godz. 6.00 \u2013 Wyjazd (z miejsc ustalonych)<br \/>\ngodz. 9.30 \u2013 10.00. Trzebnica. Wizyta w Sanktuarium s. Boromeuszek. Zwiedzanie Sarkofagu \u015bw. Jadwigi \u015al\u0105skiej<br \/>\ngodz. 12.30 \u2013 Nowa Ruda (zwiedzanie zabytkowej kopalni w\u0119gla kamiennego)<br \/>\ngodz.14.00. Wambierzyce \u2013 Sanktuarium Maryjne, Kudowa Zdr\u00f3j (park zdrojowy, Kaplica Czaszek)<br \/>\ngodz. 18.00. Zakwaterowanie w O\u015brodku Wypoczynkowym \u201eLissa\u201d \u2013 Duszniki Zdr\u00f3j<br \/>\ngodz. 19.00. Obiadokolacja<\/p>\n<p><strong>17 kwietnia<\/strong><\/p>\n<p>godz. 7.00 &#8211; \u015bniadanie<br \/>\ngodz. 8.00 &#8211; przejazd do Pragi: zwiedzanie miasta z przewodnikiem praskim:<br \/>\nKlasztor Strahov, Rynek Hradca\u0144ski, Zamek Praski, Katedra \u015aw. Wita, Stary Pa\u0142ac Kr\u00f3lewski, Bazylika \u015aw. Jerzego,\u00a0 Z\u0142ota Uliczka, Wie\u017ca Daliborka ( z uwzgl\u0119dnieniem czasu wolnego)<br \/>\ngodz.16.00 \u2013 Wyjazd w drog\u0119 powrotn\u0105<br \/>\ngodz. 19.00 \u2013 Obiad w restauracji Boguszyn<br \/>\ngodz. 24.00 \u2013 Planowany powr\u00f3t<\/p>\n<p><strong>\u015awiadczenia:<\/strong><\/p>\n<p>nocleg w O\u015brodku Wypoczynkowym \u201eLissa\u201d<br \/>\n\u015bniadanie, obiadokolacja z napojem, obiad na trasie przejazdu<br \/>\nopieka pilota, przewodnik w Pradze i Ziemi K\u0142odzkiej, taxa praska<br \/>\nautokar z op\u0142atami parkingowymi<br \/>\nW cen\u0119 nie s\u0105 wliczone bilety do zwiedzanych obiekt\u00f3w: 25 z\u0142 (Kaplica Czaszek, kopalnia, sanktuaria)<\/p>\n<p><strong>Koszt 230 z\u0142\/osoba<\/strong><br \/>\n<strong> Zapisy: Tomasz Frankowski, Tel. 504\u00a0106\u00a0305 do 10 sierpnia 2016!<\/strong><\/p>\n<p><strong>Dodatkowe informacje:<\/strong><\/p>\n<p>Informacja dla turyst\u00f3w jad\u0105cych na wycieczk\u0119 do Pragi 9-10 wrze\u015bnia 2016<\/p>\n<p>Autokar zabiera\u0107 b\u0119dzie kolejno:<\/p>\n<p>05.45. Podstawienie autokaru w S\u0142upcy ul. Kopernika przy Zespole Szk\u00f3\u0142 Zawodowych (parking dla autokar\u00f3w)<br \/>\n6.00. Wyjazd ze S\u0142upcy<br \/>\n6.15. Ci\u0105\u017ce\u0144 (przystanek PKS przy amfiteatrze)<br \/>\n6.30. L\u0105dek (przystanek PKS)<br \/>\n6.50. Zag\u00f3r\u00f3w (przystanek PKS)<\/p>\n<p>***<br \/>\nW cen\u0119 wycieczki 230 z\u0142otych nie zosta\u0142y wliczone bilety wst\u0119pu (Kaplica Czaszek, Zabytkowa Kopalnia w Nowej Rudzie, Sanktuaria). Dodatkowa op\u0142ata wynosi\u0107 b\u0119dzie 25 z\u0142\/osoba. Pieni\u0105dze zbierane b\u0119d\u0105 w autokarze (Prosz\u0119 by\u0107 przygotowanym).<\/p>\n<p>Korony Czeskie najlepiej wymieni\u0107 w Polsce przed wyjazdem, aby nie zabiera\u0107 czasu na granicy. (dost\u0119pne w kantorach). W drodze powrotnej \u2013 zakupy przy granicy w czeskim supermarkecie (najch\u0119tniej kupowane piwo, s\u0142odycze, koniaki itp. Ceny podobne, jak u nas). W samej Pradze Korony ewentualnie na piwo i toalety.<\/p>\n<p>Pokoje w hotelu zostan\u0105 przydzielone w zale\u017cno\u015bci od preferencji os\u00f3b (ma\u0142\u017ce\u0144stwa) oraz pozosta\u0142e osoby w grupie \u2013 pokoje 2,3,4- osobowe.<\/p>\n<p><strong>W razie jakichkolwiek pyta\u0144, s\u0142u\u017c\u0119 informacj\u0105: 504\u00a0106\u00a0305<\/strong><\/p>\n<p><strong>Wpisowe: Osobi\u015bcie lub na konto: Tomasz Frankowski,<\/strong><br \/>\n<strong> nr. Konta: 95 1020 2746 0000 3502 0187 0641, w tytule nale\u017cy wpisa\u0107: Imi\u0119 i nazwisko oraz dopisek \u201ePraga\u201d<\/strong><\/p>\n","protected":false},"excerpt":{"rendered":"<p>PRAGA 9-10 wrze\u015bnia 2016 16 kwietnia godz. 6.00 \u2013 Wyjazd (z miejsc ustalonych) godz. 9.30 \u2013 10.00. Trzebnica. Wizyta w Sanktuarium s. Boromeuszek. Zwiedzanie Sarkofagu \u015bw. Jadwigi \u015al\u0105skiej godz. 12.30 \u2013 Nowa Ruda (zwiedzanie zabytkowej kopalni w\u0119gla kamiennego) godz.14.00. Wambierzyce \u2013 Sanktuarium Maryjne, Kudowa Zdr\u00f3j (park zdrojowy, Kaplica Czaszek) godz. 18.00. Zakwaterowanie w O\u015brodku Wypoczynkowym [&hellip;]<\/p>\n","protected":false},"author":1,"featured_media":0,"parent":0,"menu_order":0,"comment_status":"closed","ping_status":"closed","template":"","meta":{"footnotes":"","_mc_calendar":[]},"_links":{"self":[{"href":"https:\/\/gokladek.pl\/index.php\/wp-json\/wp\/v2\/pages\/759"}],"collection":[{"href":"https:\/\/gokladek.pl\/index.php\/wp-json\/wp\/v2\/pages"}],"about":[{"href":"https:\/\/gokladek.pl\/index.php\/wp-json\/wp\/v2\/types\/page"}],"author":[{"embeddable":true,"href":"https:\/\/gokladek.pl\/index.php\/wp-json\/wp\/v2\/users\/1"}],"replies":[{"embeddable":true,"href":"https:\/\/gokladek.pl\/index.php\/wp-json\/wp\/v2\/comments?post=759"}],"version-history":[{"count":3,"href":"https:\/\/gokladek.pl\/index.php\/wp-json\/wp\/v2\/pages\/759\/revisions"}],"predecessor-version":[{"id":767,"href":"https:\/\/gokladek.pl\/index.php\/wp-json\/wp\/v2\/pages\/759\/revisions\/767"}],"wp:attachment":[{"href":"https:\/\/gokladek.pl\/index.php\/wp-json\/wp\/v2\/media?parent=759"}],"curies":[{"name":"wp","href":"https:\/\/api.w.org\/{rel}","templated":true}]}}