{"id":803,"date":"2016-09-05T00:15:04","date_gmt":"2016-09-04T22:15:04","guid":{"rendered":"http:\/\/gokladek.pl\/?page_id=803"},"modified":"2016-09-05T00:16:19","modified_gmt":"2016-09-04T22:16:19","slug":"803-2","status":"publish","type":"page","link":"https:\/\/gokladek.pl\/index.php\/803-2\/","title":{"rendered":"Toru\u0144"},"content":{"rendered":"<p><span lang=\"pl-PL\">6.00. Wyjazd do Torunia<\/span><\/p>\n<p><span lang=\"pl-PL\">8.45. Zwiedzanie miasta &#8211; \u015bladem toru\u0144skich legend \u2013 (<\/span><strong><span lang=\"pl-PL\">Dom Kopernika<\/span><\/strong><span lang=\"pl-PL\">, <\/span><strong><span lang=\"pl-PL\">Krzywa Wie\u017ca, Stary Rynek, Katedra Jan\u00f3w, Zamek Krzy\u017cacki &#8211; ruiny)<\/span><\/strong><\/p>\n<p><strong><span lang=\"pl-PL\">12.00. Rejs statkiem po Wi\u015ble<\/span><\/strong><\/p>\n<p><strong><span lang=\"pl-PL\">13.00 &#8211; 14.30 Czas do dyspozycji grupy (obiad we w\u0142asnym zakresie)<\/span><\/strong><\/p>\n<p><strong><span lang=\"pl-PL\">15.00. Wyjazd z Torunia przez ul. Starotoru\u0144sk\u0105, wizyta w Ko\u015bciele Maryi Gwiazdy Nowej Ewangelizacji i \u015bw. Jana Paw\u0142a II (za\u0142o\u017cycielem jest Ojciec Rydzyk)<\/span><\/strong><\/p>\n<p><strong><span lang=\"pl-PL\">16.00. Inowroc\u0142aw, Park solankowy, t\u0119\u017cnie, zwiedzanie uzdrowiska, spacer<\/span><\/strong><\/p>\n<p><strong><span lang=\"pl-PL\">18.30. Wyjazd w drog\u0119 powrotn\u0105<\/span><\/strong><\/p>\n<p><strong><span lang=\"pl-PL\">20.00. Planowany powr\u00f3t<\/span><\/strong><\/p>\n<p><strong><span lang=\"pl-PL\">***<\/span><\/strong><\/p>\n<p><span lang=\"pl-PL\">Kolejno\u015b\u0107 zwiedzanych obiekt\u00f3w mo\u017ce ulec zmianie.<\/span><\/p>\n<p><span lang=\"pl-PL\">\u015awiadczenia:<\/span><\/p>\n<p><span lang=\"pl-PL\">&#8211; Transport autokarowy<\/span><\/p>\n<p><span lang=\"pl-PL\">&#8211; Opieka pilota, us\u0142ugi przewodnickie i bilety wst\u0119pu do zwiedzanych obiekt\u00f3w. rejs statkiem po Wi\u015ble.<\/span><\/p>\n<p><span style=\"color: #ff3333;\"><span lang=\"pl-PL\">Program stanowi propozycj\u0119, kt\u00f3r\u0105 na \u017cyczenie grupy mo\u017cna zmienia\u0107.<\/span><\/span><\/p>\n<p><span lang=\"pl-PL\"><b>Koszt: 75 z\u0142\/osoba<\/b><\/span><\/p>\n<p><span lang=\"pl-PL\"><b>Zapisy: Tomasz Frankowski, tel. kom. 504 106 305, GOK L\u0105dek 632763508<\/b><\/span><\/p>\n<p><span style=\"color: #0000ff;\"><u><a href=\"mailto:franek784@interia.pl\" target=\"_top\"><span lang=\"pl-PL\"><b>franek784@interia.pl<\/b><\/span><\/a><\/u><\/span><span lang=\"pl-PL\"><b> gokladek@vp.pl<\/b><\/span><\/p>\n","protected":false},"excerpt":{"rendered":"<p>6.00. Wyjazd do Torunia 8.45. Zwiedzanie miasta &#8211; \u015bladem toru\u0144skich legend \u2013 (Dom Kopernika, Krzywa Wie\u017ca, Stary Rynek, Katedra Jan\u00f3w, Zamek Krzy\u017cacki &#8211; ruiny) 12.00. Rejs statkiem po Wi\u015ble 13.00 &#8211; 14.30 Czas do dyspozycji grupy (obiad we w\u0142asnym zakresie) 15.00. Wyjazd z Torunia przez ul. Starotoru\u0144sk\u0105, wizyta w Ko\u015bciele Maryi Gwiazdy Nowej Ewangelizacji i [&hellip;]<\/p>\n","protected":false},"author":1,"featured_media":0,"parent":0,"menu_order":0,"comment_status":"closed","ping_status":"closed","template":"","meta":{"footnotes":"","_mc_calendar":[]},"_links":{"self":[{"href":"https:\/\/gokladek.pl\/index.php\/wp-json\/wp\/v2\/pages\/803"}],"collection":[{"href":"https:\/\/gokladek.pl\/index.php\/wp-json\/wp\/v2\/pages"}],"about":[{"href":"https:\/\/gokladek.pl\/index.php\/wp-json\/wp\/v2\/types\/page"}],"author":[{"embeddable":true,"href":"https:\/\/gokladek.pl\/index.php\/wp-json\/wp\/v2\/users\/1"}],"replies":[{"embeddable":true,"href":"https:\/\/gokladek.pl\/index.php\/wp-json\/wp\/v2\/comments?post=803"}],"version-history":[{"count":2,"href":"https:\/\/gokladek.pl\/index.php\/wp-json\/wp\/v2\/pages\/803\/revisions"}],"predecessor-version":[{"id":806,"href":"https:\/\/gokladek.pl\/index.php\/wp-json\/wp\/v2\/pages\/803\/revisions\/806"}],"wp:attachment":[{"href":"https:\/\/gokladek.pl\/index.php\/wp-json\/wp\/v2\/media?parent=803"}],"curies":[{"name":"wp","href":"https:\/\/api.w.org\/{rel}","templated":true}]}}